{"id":2401,"date":"2024-05-09T04:10:21","date_gmt":"2024-05-09T01:10:21","guid":{"rendered":"https:\/\/onemoreeurope.nl\/terms-and-conditions\/"},"modified":"2024-05-21T13:02:02","modified_gmt":"2024-05-21T10:02:02","slug":"nutzungsbedingungen","status":"publish","type":"page","link":"https:\/\/onemoreeurope.nl\/de\/nutzungsbedingungen\/","title":{"rendered":"Nutzungsbedingungen"},"content":{"rendered":"[vc_row type=&#8220;full_width_background&#8220; full_screen_row_position=&#8220;middle&#8220; column_margin=&#8220;default&#8220; column_direction=&#8220;default&#8220; column_direction_tablet=&#8220;default&#8220; column_direction_phone=&#8220;default&#8220; bg_color=&#8220;#141414&#8243; bg_image=&#8220;513&#8243; bg_position=&#8220;center center&#8220; background_image_loading=&#8220;default&#8220; bg_repeat=&#8220;no-repeat&#8220; scene_position=&#8220;center&#8220; top_padding=&#8220;11%&#8220; bottom_padding=&#8220;8%&#8220; text_color=&#8220;light&#8220; text_align=&#8220;left&#8220; row_border_radius=&#8220;none&#8220; row_border_radius_applies=&#8220;bg&#8220; overflow=&#8220;visible&#8220; color_overlay=&#8220;#0a0a0a&#8220; overlay_strength=&#8220;0.5&#8243; gradient_direction=&#8220;left_to_right&#8220; shape_divider_position=&#8220;bottom&#8220; bg_image_animation=&#8220;none&#8220; parallax_bg=&#8220;true&#8220; parallax_bg_speed=&#8220;fast&#8220; gradient_type=&#8220;default&#8220; shape_type=&#8220;&#8220;][vc_column column_padding=&#8220;no-extra-padding&#8220; column_padding_tablet=&#8220;inherit&#8220; column_padding_phone=&#8220;inherit&#8220; column_padding_position=&#8220;all&#8220; column_element_direction_desktop=&#8220;default&#8220; column_element_spacing=&#8220;default&#8220; desktop_text_alignment=&#8220;default&#8220; tablet_text_alignment=&#8220;default&#8220; phone_text_alignment=&#8220;default&#8220; background_color_opacity=&#8220;1&#8243; background_hover_color_opacity=&#8220;1&#8243; column_backdrop_filter=&#8220;none&#8220; column_shadow=&#8220;none&#8220; column_border_radius=&#8220;none&#8220; column_link_target=&#8220;_self&#8220; column_position=&#8220;default&#8220; gradient_direction=&#8220;left_to_right&#8220; overlay_strength=&#8220;0.3&#8243; width=&#8220;1\/1&#8243; tablet_width_inherit=&#8220;default&#8220; animation_type=&#8220;default&#8220; bg_image_animation=&#8220;none&#8220; border_type=&#8220;simple&#8220; column_border_width=&#8220;none&#8220; column_border_style=&#8220;solid&#8220;][vc_row_inner column_margin=&#8220;default&#8220; column_direction=&#8220;default&#8220; column_direction_tablet=&#8220;default&#8220; column_direction_phone=&#8220;default&#8220; text_align=&#8220;left&#8220; row_position=&#8220;default&#8220; row_position_tablet=&#8220;inherit&#8220; row_position_phone=&#8220;inherit&#8220; overflow=&#8220;visible&#8220; pointer_events=&#8220;all&#8220;][vc_column_inner column_padding=&#8220;no-extra-padding&#8220; column_padding_tablet=&#8220;inherit&#8220; column_padding_phone=&#8220;inherit&#8220; column_padding_position=&#8220;all&#8220; column_element_direction_desktop=&#8220;default&#8220; column_element_spacing=&#8220;default&#8220; desktop_text_alignment=&#8220;default&#8220; tablet_text_alignment=&#8220;default&#8220; phone_text_alignment=&#8220;default&#8220; background_color_opacity=&#8220;1&#8243; background_hover_color_opacity=&#8220;1&#8243; column_backdrop_filter=&#8220;none&#8220; column_shadow=&#8220;none&#8220; column_border_radius=&#8220;none&#8220; column_link_target=&#8220;_self&#8220; overflow=&#8220;visible&#8220; gradient_direction=&#8220;left_to_right&#8220; overlay_strength=&#8220;0.3&#8243; width=&#8220;1\/1&#8243; tablet_width_inherit=&#8220;default&#8220; animation_type=&#8220;default&#8220; enable_animation=&#8220;true&#8220; animation=&#8220;fade-in-from-bottom&#8220; animation_easing=&#8220;default&#8220; bg_image_animation=&#8220;none&#8220; border_type=&#8220;simple&#8220; column_border_width=&#8220;none&#8220; column_border_style=&#8220;solid&#8220;][vc_column_text css_animation=&#8220;none&#8220;]\n<h2>Nutzungsbedingungen<\/h2>\n[\/vc_column_text][\/vc_column_inner][\/vc_row_inner][\/vc_column][\/vc_row][vc_row type=&#8220;full_width_background&#8220; full_screen_row_position=&#8220;middle&#8220; column_margin=&#8220;90px&#8220; equal_height=&#8220;yes&#8220; content_placement=&#8220;middle&#8220; column_direction=&#8220;default&#8220; column_direction_tablet=&#8220;column_reverse&#8220; column_direction_phone=&#8220;column_reverse&#8220; bg_color=&#8220;#ffffff&#8220; scene_position=&#8220;center&#8220; top_padding=&#8220;6%&#8220; bottom_padding=&#8220;2%&#8220; top_padding_tablet=&#8220;8%&#8220; bottom_padding_tablet=&#8220;8%&#8220; text_color=&#8220;dark&#8220; text_align=&#8220;left&#8220; row_border_radius=&#8220;none&#8220; row_border_radius_applies=&#8220;bg&#8220; overflow=&#8220;visible&#8220; id=&#8220;home&#8220; overlay_strength=&#8220;0.5&#8243; gradient_direction=&#8220;top_to_bottom&#8220; shape_divider_position=&#8220;bottom&#8220; bg_image_animation=&#8220;none&#8220; shape_type=&#8220;straight_section&#8220;][vc_column column_padding=&#8220;no-extra-padding&#8220; column_padding_tablet=&#8220;inherit&#8220; column_padding_phone=&#8220;inherit&#8220; column_padding_position=&#8220;all&#8220; column_element_direction_desktop=&#8220;default&#8220; column_element_spacing=&#8220;default&#8220; desktop_text_alignment=&#8220;default&#8220; tablet_text_alignment=&#8220;default&#8220; phone_text_alignment=&#8220;default&#8220; background_color_opacity=&#8220;1&#8243; background_hover_color_opacity=&#8220;1&#8243; column_backdrop_filter=&#8220;none&#8220; column_shadow=&#8220;none&#8220; column_border_radius=&#8220;none&#8220; column_link_target=&#8220;_self&#8220; column_position=&#8220;default&#8220; gradient_direction=&#8220;left_to_right&#8220; overlay_strength=&#8220;0.5&#8243; width=&#8220;1\/1&#8243; tablet_width_inherit=&#8220;default&#8220; animation_type=&#8220;default&#8220; bg_image_animation=&#8220;none&#8220; border_type=&#8220;simple&#8220; column_border_width=&#8220;none&#8220; column_border_style=&#8220;solid&#8220; offset=&#8220;vc_col-xs-12&#8243;][vc_row_inner column_margin=&#8220;default&#8220; column_direction=&#8220;default&#8220; column_direction_tablet=&#8220;default&#8220; column_direction_phone=&#8220;default&#8220; text_align=&#8220;left&#8220; row_position=&#8220;default&#8220; row_position_tablet=&#8220;inherit&#8220; row_position_phone=&#8220;inherit&#8220; overflow=&#8220;visible&#8220; pointer_events=&#8220;all&#8220; min_width=&#8220;47vh&#8220;][vc_column_inner column_padding=&#8220;no-extra-padding&#8220; column_padding_tablet=&#8220;inherit&#8220; column_padding_phone=&#8220;inherit&#8220; column_padding_position=&#8220;all&#8220; column_element_direction_desktop=&#8220;default&#8220; column_element_spacing=&#8220;5px&#8220; desktop_text_alignment=&#8220;default&#8220; tablet_text_alignment=&#8220;default&#8220; phone_text_alignment=&#8220;default&#8220; background_color_opacity=&#8220;1&#8243; background_hover_color_opacity=&#8220;1&#8243; column_backdrop_filter=&#8220;none&#8220; column_shadow=&#8220;none&#8220; column_border_radius=&#8220;none&#8220; column_link_target=&#8220;_self&#8220; overflow=&#8220;visible&#8220; gradient_direction=&#8220;left_to_right&#8220; overlay_strength=&#8220;0.3&#8243; width=&#8220;1\/1&#8243; tablet_width_inherit=&#8220;default&#8220; animation_type=&#8220;default&#8220; enable_animation=&#8220;true&#8220; animation=&#8220;fade-in-from-bottom&#8220; animation_easing=&#8220;default&#8220; bg_image_animation=&#8220;none&#8220; border_type=&#8220;simple&#8220; column_border_width=&#8220;none&#8220; column_border_style=&#8220;solid&#8220; enable_border_animation=&#8220;true&#8220;][vc_column_text]Bitte lesen Sie diese Allgemeinen Gesch\u00e4ftsbedingungen sorgf\u00e4ltig durch, bevor Sie unseren Service nutzen.<\/p>\n<p>Auslegung und Definitionen<br \/>\nAuslegung<br \/>\n\u2014\u2014\u2014\u2014\u2013<\/p>\n<p>W\u00f6rter, deren Anfangsbuchstabe gro\u00dfgeschrieben ist, haben unter folgenden Bedingungen definierte Bedeutungen. Die folgenden Definitionen haben unabh\u00e4ngig davon, ob sie im Singular oder im Plural erscheinen, die gleiche Bedeutung.<\/p>\n<p>Definitionen<br \/>\n\u2014\u2014\u2014\u2013<\/p>\n<p>F\u00fcr die Zwecke dieser Allgemeinen Gesch\u00e4ftsbedingungen:<\/p>\n<p>Affiliate bedeutet eine Einheit, die von einer Partei kontrolliert wird, die von einer anderen Partei kontrolliert wird oder die unter gemeinsamer Kontrolle mit einer anderen Partei steht, wobei \u201eKontrolle\u201c bedeutet, dass 50% oder mehr der Anteile, Anteile oder sonstigen Wertpapiere im Besitz sind, die zur Wahl von Direktoren oder anderer leitender Organe berechtigt sind.<\/p>\n<p>Land bezieht sich auf: Niederlande<\/p>\n<p>Unternehmen (im Folgenden als \u201edas Unternehmen\u201c, \u201eWir\u201c, \u201eUns\u201c oder \u201eUnser\u201c in dieser Vereinbarung bezeichnet) bezieht sich auf OneMore Europe B.V., Keersopstraat 15, 3044 EX Rotterdam.<\/p>\n<p>Ger\u00e4t bedeutet jedes Ger\u00e4t, das auf den Service zugreifen kann, wie ein Computer, ein Mobiltelefon oder ein digitales Tablet.<\/p>\n<p>Service bezieht sich auf die Website.<\/p>\n<p>Allgemeine Gesch\u00e4ftsbedingungen (auch als \u201eBedingungen\u201c bezeichnet) bedeuten diese Allgemeinen Gesch\u00e4ftsbedingungen, die die gesamte Vereinbarung zwischen Ihnen und dem Unternehmen bez\u00fcglich der Nutzung des Dienstes darstellen.<\/p>\n<p>Social-Media-Dienst eines Drittanbieters bedeutet alle Dienste oder Inhalte (einschlie\u00dflich Daten, Informationen, Produkte oder Dienstleistungen), die von einem Dritten bereitgestellt werden und die vom Dienst angezeigt, eingeschlossen oder verf\u00fcgbar gemacht werden k\u00f6nnen.<\/p>\n<p>Website bezieht sich auf OneMore Europe B.V., erreichbar unter onemoreeurope.nl<\/p>\n<p>Sie bezeichnet die Person, die auf den Service zugreift oder ihn nutzt, oder das Unternehmen oder eine andere juristische Person, in deren Namen diese Person auf den Service zugreift oder ihn nutzt, falls zutreffend.<\/p>\n<p>Anerkennung<br \/>\nDies sind die Allgemeinen Gesch\u00e4ftsbedingungen f\u00fcr die Nutzung dieses Dienstes und die Vereinbarung, die zwischen Ihnen und dem Unternehmen besteht. Diese Allgemeinen Gesch\u00e4ftsbedingungen legen die Rechte und Pflichten aller Benutzer in Bezug auf die Nutzung des Dienstes fest.<\/p>\n<p>Ihr Zugriff auf und Ihre Nutzung des Dienstes unterliegen Ihrer Zustimmung und Einhaltung dieser Allgemeinen Gesch\u00e4ftsbedingungen. Diese Allgemeinen Gesch\u00e4ftsbedingungen gelten f\u00fcr alle Besucher, Benutzer und andere Personen, die auf den Service zugreifen oder ihn nutzen.<\/p>\n<p>Durch den Zugriff auf oder die Nutzung des Dienstes erkl\u00e4ren Sie sich mit diesen Allgemeinen Gesch\u00e4ftsbedingungen einverstanden. Wenn Sie mit einem Teil dieser Allgemeinen Gesch\u00e4ftsbedingungen nicht einverstanden sind, d\u00fcrfen Sie nicht auf den Dienst zugreifen.<\/p>\n<p>Sie erkl\u00e4ren, dass Sie \u00fcber 18 Jahre alt sind. Das Unternehmen gestattet Personen unter 18 Jahren nicht, den Service zu nutzen.<\/p>\n<p>Ihr Zugriff auf und Ihre Nutzung des Dienstes unterliegen auch Ihrer Zustimmung und Einhaltung der Datenschutzrichtlinie des Unternehmens. Unsere Datenschutzrichtlinie beschreibt unsere Richtlinien und Verfahren zur Erhebung, Nutzung und Offenlegung Ihrer pers\u00f6nlichen Informationen bei der Nutzung der Anwendung oder der Website und informiert Sie \u00fcber Ihre Datenschutzrechte und wie das Gesetz Sie sch\u00fctzt. Bitte lesen Sie unsere Datenschutzrichtlinie sorgf\u00e4ltig durch, bevor Sie unseren Dienst nutzen.<\/p>\n<p>Geistiges Eigentum<br \/>\nDer Service und sein origineller Inhalt (mit Ausnahme von Inhalten, die von Ihnen oder anderen Benutzern bereitgestellt wurden), Funktionen und Funktionalit\u00e4ten sind und bleiben das ausschlie\u00dfliche Eigentum des Unternehmens und seiner Lizenzgeber.<\/p>\n<p>Der Service ist durch Urheberrecht, Markenrecht und andere Gesetze sowohl des Landes als auch ausl\u00e4ndischer L\u00e4nder gesch\u00fctzt.<\/p>\n<p>Unsere Marken und Handelskleidung d\u00fcrfen ohne die vorherige schriftliche Zustimmung des Unternehmens nicht in Verbindung mit einem Produkt oder einer Dienstleistung verwendet werden.<\/p>\n<p>Links zu anderen Websites<br \/>\nUnser Service kann Links zu Websites oder Diensten Dritter enthalten, die weder im Besitz noch unter der Kontrolle des Unternehmens stehen.<\/p>\n<p>Das Unternehmen hat keine Kontrolle \u00fcber den Inhalt, die Datenschutzrichtlinien oder die Praktiken von Websites oder Diensten Dritter. Sie erkennen weiterhin an und stimmen zu, dass das Unternehmen nicht f\u00fcr Sch\u00e4den oder Verluste verantwortlich ist, die direkt oder indirekt durch die Nutzung oder den Glauben an Inhalte, Waren oder Dienstleistungen verursacht wurden oder angeblich durch die Nutzung oder den Glauben an solche Inhalte, Waren oder Dienstleistungen auf oder \u00fcber solche Websites oder Dienste verursacht wurden.<\/p>\n<p>Wir raten Ihnen dringend, die Allgemeinen Gesch\u00e4ftsbedingungen und Datenschutzrichtlinien aller Websites oder Dienste Dritter zu lesen, die Sie besuchen.<\/p>\n<p>K\u00fcndigung<br \/>\nWir k\u00f6nnen Ihren Zugriff ohne vorherige Ank\u00fcndigung oder Haftung aus irgendeinem Grund sofort beenden oder aussetzen, einschlie\u00dflich, aber nicht beschr\u00e4nkt auf, wenn Sie diese Allgemeinen Gesch\u00e4ftsbedingungen verletzen.<\/p>\n<p>Nach Beendigung erlischt Ihr Recht zur Nutzung des Dienstes sofort.<\/p>\n<p>Haftungsbeschr\u00e4nkung<br \/>\nUngeachtet etwaiger Sch\u00e4den, die Ihnen entstehen k\u00f6nnten, beschr\u00e4nkt sich die gesamte Haftung des Unternehmens und seiner Lieferanten unter jeder Bestimmung dieser Bedingungen und Ihre ausschlie\u00dfliche Abhilfe f\u00fcr all das Vorstehende auf den tats\u00e4chlich \u00fcber den Dienst gezahlten Betrag oder 100 USD, wenn Sie nichts \u00fcber den Dienst gekauft haben.<\/p>\n<p>Soweit gesetzlich zul\u00e4ssig, haften das Unternehmen oder seine Lieferanten in keinem Fall f\u00fcr irgendwelche speziellen, zuf\u00e4lligen, indirekten oder Folgesch\u00e4den (einschlie\u00dflich, aber nicht beschr\u00e4nkt auf, Sch\u00e4den durch entgangenen Gewinn, Verlust von Daten oder anderen Informationen, Unterbrechung des Gesch\u00e4ftsbetriebs, pers\u00f6nliche Verletzungen, Verlust der Privatsph\u00e4re, die sich aus oder im Zusammenhang mit der Nutzung oder Unf\u00e4higkeit zur Nutzung des Dienstes, Software von Drittanbietern und\/oder Hardware von Drittanbietern, die mit dem Dienst verwendet werden, oder anderweitig in Verbindung mit einer Bestimmung dieser Bedingungen), selbst wenn das Unternehmen oder ein Lieferant auf die M\u00f6glichkeit solcher Sch\u00e4den hingewiesen wurde und selbst wenn das Mittel seines wesentlichen Zwecks fehlschl\u00e4gt.<\/p>\n<p>Einige Staaten erlauben den Ausschluss stillschweigender Garantien oder die Beschr\u00e4nkung der Haftung f\u00fcr zuf\u00e4llige oder Folgesch\u00e4den nicht, was bedeutet, dass einige der oben genannten Beschr\u00e4nkungen m\u00f6glicherweise nicht auf Sie zutreffen. In diesen Staaten beschr\u00e4nkt sich die Haftung jeder Partei jedoch auf den gr\u00f6\u00dftm\u00f6glichen gesetzlich zul\u00e4ssigen Umfang.<\/p>\n<p>&#8222;AS IS&#8220; und &#8222;WIE VERF\u00dcGBAR&#8220; Haftungsausschluss<br \/>\n==========<\/p>\n<p>Der Service wird Ihnen &#8222;WIE ER IST&#8220; und &#8222;WIE VERF\u00dcGBAR&#8220; zur Verf\u00fcgung gestellt und mit allen Fehlern und M\u00e4ngeln ohne jegliche Garantie. Soweit gesetzlich zul\u00e4ssig, lehnt das Unternehmen, in eigenem Namen und im Namen seiner verbundenen Unternehmen sowie seiner jeweiligen Lizenzgeber und Diensteanbieter, ausdr\u00fccklich alle Garantien ab, seien sie ausdr\u00fccklich, impliziert, gesetzlich oder anderweitig, in Bezug auf den Service ab, einschlie\u00dflich aller implizierten Garantien der Marktg\u00e4ngigkeit, Eignung f\u00fcr einen bestimmten Zweck, Titel und Nichtverletzung sowie Garantien, die sich aus dem Gesch\u00e4ftsverkehr, dem Gesch\u00e4ftsverhalten, der Nutzung oder der Handelspraxis ergeben k\u00f6nnen. Unbeschadet des Vorstehenden \u00fcbernimmt das Unternehmen keine Gew\u00e4hrleistung oder Verpflichtung und gibt keine Zusicherung jeglicher Art, dass der Service Ihre Anforderungen erf\u00fcllt, beabsichtigte Ergebnisse erzielt, kompatibel ist oder mit anderen Softwareanwendungen, Systemen oder Diensten funktioniert, ohne Unterbrechung betrieben wird, irgendwelchen Leistungs- oder Zuverl\u00e4ssigkeitsstandards entspricht oder fehlerfrei ist oder dass Fehler oder M\u00e4ngel behoben werden k\u00f6nnen oder werden. Unbeschadet des Vorstehenden gibt das Unternehmen oder einer seiner Anbieter keine ausdr\u00fcckliche oder implizite Zusicherung oder Gew\u00e4hrleistung jeglicher Art:<br \/>\n(i) hinsichtlich des Betriebs oder der Verf\u00fcgbarkeit des Dienstes oder der darauf enthaltenen Informationen, Inhalte und Materialien oder Produkte;<br \/>\n(ii) dass der Dienst unterbrechungs- oder fehlerfrei sein wird;<br \/>\n(iii) hinsichtlich der Richtigkeit, Zuverl\u00e4ssigkeit oder Aktualit\u00e4t von Informationen oder Inhalten, die \u00fcber den Dienst bereitgestellt werden; oder<br \/>\n(iv) dass der Dienst, seine Server, die Inhalte oder E-Mails, die vom Unternehmen oder in seinem Auftrag gesendet werden, frei von Viren, Skripten, Trojanern, W\u00fcrmern, Malware, Zeitbomben oder anderen sch\u00e4dlichen Komponenten sind. In einigen Rechtsordnungen ist der Ausschluss bestimmter Arten von Garantien oder die Beschr\u00e4nkung der Haftung f\u00fcr zuf\u00e4llige oder Folgesch\u00e4den nicht zul\u00e4ssig, was bedeutet, dass einige oder alle der oben genannten Ausschl\u00fcsse und Beschr\u00e4nkungen f\u00fcr Sie m\u00f6glicherweise nicht gelten. In einem solchen Fall werden die in diesem Abschnitt festgelegten Ausschl\u00fcsse und Beschr\u00e4nkungen jedoch in dem gesetzlich zul\u00e4ssigen Umfang angewendet.<\/p>\n<p>Geltendes Recht<br \/>\n=============<\/p>\n<p>Die Gesetze des Landes, unter Ausschluss seiner Kollisionsrechtregeln, regeln diese Bedingungen und Ihre Nutzung des Dienstes. Ihre Nutzung der Anwendung kann auch anderen lokalen, staatlichen, nationalen oder internationalen Gesetzen unterliegen.<\/p>\n<p>Beilegung von Streitigkeiten<br \/>\n===================<\/p>\n<p>Wenn Sie Bedenken oder Streitigkeiten bez\u00fcglich des Dienstes haben, erkl\u00e4ren Sie sich damit einverstanden, zun\u00e4chst zu versuchen, die Streitigkeit informell zu l\u00f6sen, indem Sie das Unternehmen kontaktieren.<\/p>\n<p>F\u00fcr Benutzer aus der Europ\u00e4ischen Union (EU)<br \/>\n=============================<\/p>\n<p>Wenn Sie Verbraucher aus der Europ\u00e4ischen Union sind, profitieren Sie von den zwingenden Bestimmungen des Rechts des Landes, in dem Sie Ihren Wohnsitz haben.<\/p>\n<p>Rechtskonformit\u00e4t in den Vereinigten Staaten<br \/>\n==============================<\/p>\n<p>Sie erkl\u00e4ren und garantieren, dass (i) Sie sich nicht in einem Land befinden, das einem Embargo der Regierung der Vereinigten Staaten unterliegt oder von der Regierung der Vereinigten Staaten als &#8222;terrorunterst\u00fctzendes&#8220; Land bezeichnet wurde, und (ii) Sie nicht auf einer Liste der von der Regierung der Vereinigten Staaten verbotenen oder eingeschr\u00e4nkten Parteien stehen.<\/p>\n<p>Teilbarkeit und Verzicht<br \/>\n=======================<\/p>\n<p>Teilbarkeit<br \/>\n\u2014\u2014\u2014\u2014<\/p>\n<p>Sollte eine Bestimmung dieser Bedingungen als nicht durchsetzbar oder ung\u00fcltig erachtet werden, so wird diese Bestimmung ge\u00e4ndert und ausgelegt, um die Ziele dieser Bestimmung nach M\u00f6glichkeit und im gr\u00f6\u00dftm\u00f6glichen Umfang des geltenden Rechts zu erreichen, und die verbleibenden Bestimmungen bleiben in vollem Umfang g\u00fcltig und wirksam.<\/p>\n<p>Verzicht<br \/>\n\u2014\u2014<\/p>\n<p>Abgesehen von den hierin festgelegten Bestimmungen hat das Unterlassen der Aus\u00fcbung eines Rechts oder die Nichterf\u00fcllung einer Verpflichtung gem\u00e4\u00df diesen Bedingungen keine Auswirkung auf die F\u00e4higkeit einer Partei, ein solches Recht auszu\u00fcben oder eine solche Leistung zu verlangen, und ein Verzicht auf einen Versto\u00df stellt keinen Verzicht auf einen nachfolgenden Versto\u00df dar.<\/p>\n<p>\u00dcbersetzungsinterpretation<br \/>\n==========================<\/p>\n<p>Diese Allgemeinen Gesch\u00e4ftsbedingungen k\u00f6nnen \u00fcbersetzt worden sein, wenn wir sie Ihnen auf unserem Dienst zur Verf\u00fcgung gestellt haben. Sie stimmen zu, dass der urspr\u00fcngliche englische Text im Falle eines Streits ma\u00dfgeblich ist.<\/p>\n<p>\u00c4nderungen dieser Allgemeinen Gesch\u00e4ftsbedingungen<br \/>\n=====================================<\/p>\n<p>Wir behalten uns das Recht vor, nach eigenem Ermessen diese Bedingungen jederzeit zu \u00e4ndern oder zu ersetzen. Bei wesentlichen \u00c4nderungen werden wir angemessene Anstrengungen unternehmen, um Ihnen mindestens 30 Tage vor Inkrafttreten neuer Bedingungen Mitteilung zu machen. Was eine wesentliche \u00c4nderung darstellt, wird nach unserem alleinigen Ermessen bestimmt.<\/p>\n<p>Indem Sie auch nach Inkrafttreten dieser \u00c4nderungen weiterhin auf unseren Dienst zugreifen oder diesen nutzen, erkl\u00e4ren Sie sich damit einverstanden, an die ge\u00e4nderten Bedingungen gebunden zu sein. Wenn Sie den neuen Bedingungen ganz oder teilweise nicht zustimmen, verwenden Sie bitte die Website und den Dienst nicht weiter.<\/p>\n<p>Kontaktieren Sie uns<br \/>\n==========<\/p>\n<p>Wenn Sie Fragen zu diesen Allgemeinen Gesch\u00e4ftsbedingungen haben, k\u00f6nnen Sie uns kontaktieren:<\/p>\n<p>Per E-Mail: info@onemoreeurope.nl[\/vc_column_text][\/vc_column_inner][\/vc_row_inner][\/vc_column][\/vc_row]\n","protected":false},"excerpt":{"rendered":"<p>[vc_row type=&#8220;full_width_background&#8220; full_screen_row_position=&#8220;middle&#8220; column_margin=&#8220;default&#8220; column_direction=&#8220;default&#8220; column_direction_tablet=&#8220;default&#8220; column_direction_phone=&#8220;default&#8220; bg_color=&#8220;#141414&#8243; bg_image=&#8220;513&#8243; bg_position=&#8220;center center&#8220; background_image_loading=&#8220;default&#8220; bg_repeat=&#8220;no-repeat&#8220; scene_position=&#8220;center&#8220; top_padding=&#8220;11%&#8220; bottom_padding=&#8220;8%&#8220; text_color=&#8220;light&#8220; text_align=&#8220;left&#8220; row_border_radius=&#8220;none&#8220; row_border_radius_applies=&#8220;bg&#8220; overflow=&#8220;visible&#8220; color_overlay=&#8220;#0a0a0a&#8220; overlay_strength=&#8220;0.5&#8243; gradient_direction=&#8220;left_to_right&#8220; shape_divider_position=&#8220;bottom&#8220; bg_image_animation=&#8220;none&#8220; parallax_bg=&#8220;true&#8220; parallax_bg_speed=&#8220;fast&#8220; gradient_type=&#8220;default&#8220; shape_type=&#8220;&#8220;][vc_column&#8230;<\/p>\n","protected":false},"author":1,"featured_media":0,"parent":0,"menu_order":0,"comment_status":"closed","ping_status":"closed","template":"","meta":{"footnotes":""},"class_list":["post-2401","page","type-page","status-publish"],"_links":{"self":[{"href":"https:\/\/onemoreeurope.nl\/de\/wp-json\/wp\/v2\/pages\/2401","targetHints":{"allow":["GET"]}}],"collection":[{"href":"https:\/\/onemoreeurope.nl\/de\/wp-json\/wp\/v2\/pages"}],"about":[{"href":"https:\/\/onemoreeurope.nl\/de\/wp-json\/wp\/v2\/types\/page"}],"author":[{"embeddable":true,"href":"https:\/\/onemoreeurope.nl\/de\/wp-json\/wp\/v2\/users\/1"}],"replies":[{"embeddable":true,"href":"https:\/\/onemoreeurope.nl\/de\/wp-json\/wp\/v2\/comments?post=2401"}],"version-history":[{"count":1,"href":"https:\/\/onemoreeurope.nl\/de\/wp-json\/wp\/v2\/pages\/2401\/revisions"}],"predecessor-version":[{"id":2402,"href":"https:\/\/onemoreeurope.nl\/de\/wp-json\/wp\/v2\/pages\/2401\/revisions\/2402"}],"wp:attachment":[{"href":"https:\/\/onemoreeurope.nl\/de\/wp-json\/wp\/v2\/media?parent=2401"}],"curies":[{"name":"wp","href":"https:\/\/api.w.org\/{rel}","templated":true}]}}