{"id":2476,"date":"2024-05-08T20:22:24","date_gmt":"2024-05-08T17:22:24","guid":{"rendered":"https:\/\/onemoreeurope.nl\/board-of-directors\/"},"modified":"2026-02-03T16:35:25","modified_gmt":"2026-02-03T13:35:25","slug":"junta-directiva","status":"publish","type":"page","link":"https:\/\/onemoreeurope.nl\/es\/junta-directiva\/","title":{"rendered":"Junta Directiva"},"content":{"rendered":"[vc_row type=\u00bbfull_width_background\u00bb full_screen_row_position=\u00bbmiddle\u00bb column_margin=\u00bbdefault\u00bb column_direction=\u00bbdefault\u00bb column_direction_tablet=\u00bbdefault\u00bb column_direction_phone=\u00bbdefault\u00bb bg_color=\u00bb#141414&#8243; bg_image=\u00bb1823&#8243; bg_position=\u00bbcenter center\u00bb background_image_loading=\u00bbdefault\u00bb bg_repeat=\u00bbno-repeat\u00bb scene_position=\u00bbcenter\u00bb top_padding=\u00bb2%\u00bb bottom_padding=\u00bb2%\u00bb text_color=\u00bblight\u00bb text_align=\u00bbleft\u00bb row_border_radius=\u00bbnone\u00bb row_border_radius_applies=\u00bbbg\u00bb overflow=\u00bbvisible\u00bb enable_gradient=\u00bbtrue\u00bb color_overlay=\u00bb#0a0a0a\u00bb color_overlay_2=\u00bb#3452ff\u00bb overlay_strength=\u00bb0.5&#8243; gradient_direction=\u00bbleft_to_right\u00bb shape_divider_position=\u00bbbottom\u00bb bg_image_animation=\u00bbnone\u00bb parallax_bg=\u00bbtrue\u00bb parallax_bg_speed=\u00bbfast\u00bb gradient_type=\u00bbdefault\u00bb shape_type=\u00bb\u00bb][vc_column column_padding=\u00bbno-extra-padding\u00bb column_padding_tablet=\u00bbinherit\u00bb column_padding_phone=\u00bbinherit\u00bb column_padding_position=\u00bball\u00bb column_element_direction_desktop=\u00bbdefault\u00bb column_element_spacing=\u00bbdefault\u00bb desktop_text_alignment=\u00bbdefault\u00bb tablet_text_alignment=\u00bbdefault\u00bb phone_text_alignment=\u00bbdefault\u00bb background_color_opacity=\u00bb1&#8243; background_hover_color_opacity=\u00bb1&#8243; column_backdrop_filter=\u00bbnone\u00bb column_shadow=\u00bbnone\u00bb column_border_radius=\u00bbnone\u00bb column_link_target=\u00bb_self\u00bb column_position=\u00bbdefault\u00bb gradient_direction=\u00bbleft_to_right\u00bb overlay_strength=\u00bb0.3&#8243; width=\u00bb1\/1&#8243; tablet_width_inherit=\u00bbdefault\u00bb animation_type=\u00bbdefault\u00bb bg_image_animation=\u00bbnone\u00bb border_type=\u00bbsimple\u00bb column_border_width=\u00bbnone\u00bb column_border_style=\u00bbsolid\u00bb][vc_row_inner column_margin=\u00bbdefault\u00bb column_direction=\u00bbdefault\u00bb column_direction_tablet=\u00bbdefault\u00bb column_direction_phone=\u00bbdefault\u00bb text_align=\u00bbleft\u00bb row_position=\u00bbdefault\u00bb row_position_tablet=\u00bbinherit\u00bb row_position_phone=\u00bbinherit\u00bb overflow=\u00bbvisible\u00bb pointer_events=\u00bball\u00bb][vc_column_inner column_padding=\u00bbno-extra-padding\u00bb column_padding_tablet=\u00bbinherit\u00bb column_padding_phone=\u00bbinherit\u00bb column_padding_position=\u00bball\u00bb column_element_direction_desktop=\u00bbdefault\u00bb column_element_spacing=\u00bbdefault\u00bb desktop_text_alignment=\u00bbdefault\u00bb tablet_text_alignment=\u00bbdefault\u00bb phone_text_alignment=\u00bbdefault\u00bb background_color_opacity=\u00bb1&#8243; background_hover_color_opacity=\u00bb1&#8243; column_backdrop_filter=\u00bbnone\u00bb column_shadow=\u00bbnone\u00bb column_border_radius=\u00bbnone\u00bb column_link_target=\u00bb_self\u00bb overflow=\u00bbvisible\u00bb gradient_direction=\u00bbleft_to_right\u00bb overlay_strength=\u00bb0.3&#8243; width=\u00bb1\/1&#8243; tablet_width_inherit=\u00bbdefault\u00bb animation_type=\u00bbdefault\u00bb enable_animation=\u00bbtrue\u00bb animation=\u00bbfade-in-from-bottom\u00bb animation_easing=\u00bbdefault\u00bb bg_image_animation=\u00bbnone\u00bb border_type=\u00bbsimple\u00bb column_border_width=\u00bbnone\u00bb column_border_style=\u00bbsolid\u00bb][vc_column_text css_animation=\u00bbnone\u00bb]\n<h2>Consejo de Administraci\u00f3n<\/h2>\n[\/vc_column_text][\/vc_column_inner][\/vc_row_inner][vc_row_inner column_margin=\u00bbdefault\u00bb column_direction=\u00bbdefault\u00bb column_direction_tablet=\u00bbdefault\u00bb column_direction_phone=\u00bbdefault\u00bb text_align=\u00bbleft\u00bb row_position=\u00bbdefault\u00bb row_position_tablet=\u00bbinherit\u00bb row_position_phone=\u00bbinherit\u00bb overflow=\u00bbvisible\u00bb pointer_events=\u00bball\u00bb][vc_column_inner column_padding=\u00bbno-extra-padding\u00bb column_padding_tablet=\u00bbinherit\u00bb column_padding_phone=\u00bbinherit\u00bb column_padding_position=\u00bbtop-bottom\u00bb column_element_direction_desktop=\u00bbdefault\u00bb column_element_spacing=\u00bbdefault\u00bb desktop_text_alignment=\u00bbdefault\u00bb tablet_text_alignment=\u00bbdefault\u00bb phone_text_alignment=\u00bbdefault\u00bb background_color_opacity=\u00bb1&#8243; background_hover_color_opacity=\u00bb1&#8243; column_backdrop_filter=\u00bbnone\u00bb column_shadow=\u00bbnone\u00bb column_border_radius=\u00bbnone\u00bb column_link_target=\u00bb_self\u00bb overflow=\u00bbvisible\u00bb gradient_direction=\u00bbleft_to_right\u00bb overlay_strength=\u00bb0.3&#8243; width=\u00bb1\/1&#8243; tablet_width_inherit=\u00bbdefault\u00bb animation_type=\u00bbdefault\u00bb enable_animation=\u00bbtrue\u00bb animation=\u00bbfade-in-from-bottom\u00bb animation_easing=\u00bbdefault\u00bb bg_image_animation=\u00bbnone\u00bb border_type=\u00bbsimple\u00bb column_border_width=\u00bbnone\u00bb column_border_style=\u00bbsolid\u00bb column_padding_type=\u00bbdefault\u00bb gradient_type=\u00bbdefault\u00bb][vc_column_text css=\u00bb.vc_custom_1716270814651{padding-right: 10% !important;}\u00bb]El viaje de One More International&#8230;<br \/>\nEste viaje no te llevar\u00e1 a donde termina el camino, sino que te llevar\u00e1 con tus sue\u00f1os a lugares donde no hay camino. Y solo entonces dejar\u00e1s tu huella.<br \/>\nEl Viaje de One More International&#8230; Viaje a la Eternidad.[\/vc_column_text][\/vc_column_inner][\/vc_row_inner][\/vc_column][\/vc_row][vc_row type=\u00bbin_container\u00bb full_screen_row_position=\u00bbmiddle\u00bb column_margin=\u00bbdefault\u00bb column_direction=\u00bbdefault\u00bb column_direction_tablet=\u00bbdefault\u00bb column_direction_phone=\u00bbdefault\u00bb scene_position=\u00bbcenter\u00bb top_padding=\u00bb7%\u00bb bottom_padding=\u00bb6%\u00bb text_color=\u00bbdark\u00bb text_align=\u00bbleft\u00bb row_border_radius=\u00bbnone\u00bb row_border_radius_applies=\u00bbbg\u00bb overflow=\u00bbvisible\u00bb overlay_strength=\u00bb0.3&#8243; gradient_direction=\u00bbleft_to_right\u00bb shape_divider_position=\u00bbbottom\u00bb bg_image_animation=\u00bbnone\u00bb gradient_type=\u00bbdefault\u00bb shape_type=\u00bb\u00bb][vc_column column_padding=\u00bbno-extra-padding\u00bb column_padding_tablet=\u00bbinherit\u00bb column_padding_phone=\u00bbinherit\u00bb column_padding_position=\u00bball\u00bb column_element_direction_desktop=\u00bbdefault\u00bb column_element_spacing=\u00bbdefault\u00bb desktop_text_alignment=\u00bbdefault\u00bb tablet_text_alignment=\u00bbdefault\u00bb phone_text_alignment=\u00bbdefault\u00bb background_color_opacity=\u00bb1&#8243; background_hover_color_opacity=\u00bb1&#8243; column_backdrop_filter=\u00bbnone\u00bb column_shadow=\u00bbnone\u00bb column_border_radius=\u00bbnone\u00bb column_link_target=\u00bb_self\u00bb column_position=\u00bbdefault\u00bb gradient_direction=\u00bbleft_to_right\u00bb overlay_strength=\u00bb0.3&#8243; width=\u00bb1\/1&#8243; tablet_width_inherit=\u00bbdefault\u00bb animation_type=\u00bbdefault\u00bb bg_image_animation=\u00bbnone\u00bb border_type=\u00bbsimple\u00bb column_border_width=\u00bbnone\u00bb column_border_style=\u00bbsolid\u00bb][vc_row_inner column_margin=\u00bbdefault\u00bb column_direction=\u00bbdefault\u00bb column_direction_tablet=\u00bbdefault\u00bb column_direction_phone=\u00bbdefault\u00bb text_align=\u00bbleft\u00bb row_position=\u00bbdefault\u00bb row_position_tablet=\u00bbinherit\u00bb row_position_phone=\u00bbinherit\u00bb overflow=\u00bbvisible\u00bb pointer_events=\u00bball\u00bb][vc_column_inner column_padding=\u00bbno-extra-padding\u00bb column_padding_tablet=\u00bbinherit\u00bb column_padding_phone=\u00bbinherit\u00bb column_padding_position=\u00bball\u00bb column_element_direction_desktop=\u00bbdefault\u00bb column_element_spacing=\u00bbdefault\u00bb desktop_text_alignment=\u00bbdefault\u00bb tablet_text_alignment=\u00bbdefault\u00bb phone_text_alignment=\u00bbdefault\u00bb background_color_opacity=\u00bb1&#8243; background_hover_color_opacity=\u00bb1&#8243; column_backdrop_filter=\u00bbnone\u00bb column_shadow=\u00bbnone\u00bb column_border_radius=\u00bbnone\u00bb column_link_target=\u00bb_self\u00bb overflow=\u00bbvisible\u00bb gradient_direction=\u00bbleft_to_right\u00bb overlay_strength=\u00bb0.3&#8243; width=\u00bb1\/3&#8243; tablet_width_inherit=\u00bbdefault\u00bb animation_type=\u00bbdefault\u00bb enable_animation=\u00bbtrue\u00bb animation=\u00bbgrow-in\u00bb animation_easing=\u00bbdefault\u00bb bg_image_animation=\u00bbnone\u00bb border_type=\u00bbsimple\u00bb column_border_width=\u00bbnone\u00bb column_border_style=\u00bbsolid\u00bb][team_member image_url=\u00bb1954&#8243; bio_image_url=\u00bb1954&#8243; team_memeber_style=\u00bbbio_fullscreen\u00bb image_loading=\u00bbdefault\u00bb team_member_bio_full_html=\u00bbsimple\u00bb name=\u00bbMustafa Erdil\u00bb job_position=\u00bbPresidente Global\u00bb team_member_bio=\u00bbEl viaje de One More International&#8230;<br \/>\nEste viaje no te llevar\u00e1 a donde termina el camino, sino que te llevar\u00e1 con tus sue\u00f1os a lugares donde no hay camino. Y solo entonces dejar\u00e1s tu huella.<br \/>\nEl Viaje de One More International&#8230; Viaje a la Eternidad.\u00bb][\/team_member][\/vc_column_inner][vc_column_inner column_padding=\u00bbno-extra-padding\u00bb column_padding_tablet=\u00bbinherit\u00bb column_padding_phone=\u00bbinherit\u00bb column_padding_position=\u00bball\u00bb column_element_direction_desktop=\u00bbdefault\u00bb column_element_spacing=\u00bbdefault\u00bb desktop_text_alignment=\u00bbdefault\u00bb tablet_text_alignment=\u00bbdefault\u00bb phone_text_alignment=\u00bbdefault\u00bb background_color_opacity=\u00bb1&#8243; background_hover_color_opacity=\u00bb1&#8243; column_backdrop_filter=\u00bbnone\u00bb column_shadow=\u00bbnone\u00bb column_border_radius=\u00bbnone\u00bb column_link_target=\u00bb_self\u00bb overflow=\u00bbvisible\u00bb gradient_direction=\u00bbleft_to_right\u00bb overlay_strength=\u00bb0.3&#8243; width=\u00bb1\/3&#8243; tablet_width_inherit=\u00bbdefault\u00bb animation_type=\u00bbdefault\u00bb enable_animation=\u00bbtrue\u00bb animation=\u00bbgrow-in\u00bb animation_easing=\u00bbdefault\u00bb bg_image_animation=\u00bbnone\u00bb border_type=\u00bbsimple\u00bb column_border_width=\u00bbnone\u00bb column_border_style=\u00bbsolid\u00bb][team_member image_url=\u00bb1953&#8243; bio_image_url=\u00bb1953&#8243; team_memeber_style=\u00bbbio_fullscreen\u00bb image_loading=\u00bbdefault\u00bb team_member_bio_full_html=\u00bbsimple\u00bb name=\u00bbSevcihan Sayg\u0131l\u0131 Erdil\u00bb job_position=\u00bbSegundo Presidente Global\u00bb team_member_bio=\u00bbLa misi\u00f3n m\u00e1s valiosa de One More International es unir al mundo entero en el c\u00edrculo del amor, hacer crecer un modelo de negocio \u00e9tico, justo y moral, y darle sentido a la vida con educaci\u00f3n y conocimiento.\u00bb][\/team_member][\/vc_column_inner][vc_column_inner column_padding=\u00bbno-extra-padding\u00bb column_padding_tablet=\u00bbinherit\u00bb column_padding_phone=\u00bbinherit\u00bb column_padding_position=\u00bball\u00bb column_element_direction_desktop=\u00bbdefault\u00bb column_element_spacing=\u00bbdefault\u00bb desktop_text_alignment=\u00bbdefault\u00bb tablet_text_alignment=\u00bbdefault\u00bb phone_text_alignment=\u00bbdefault\u00bb background_color_opacity=\u00bb1&#8243; background_hover_color_opacity=\u00bb1&#8243; column_backdrop_filter=\u00bbnone\u00bb column_shadow=\u00bbnone\u00bb column_border_radius=\u00bbnone\u00bb column_link_target=\u00bb_self\u00bb overflow=\u00bbvisible\u00bb gradient_direction=\u00bbleft_to_right\u00bb overlay_strength=\u00bb0.3&#8243; width=\u00bb1\/3&#8243; tablet_width_inherit=\u00bbdefault\u00bb animation_type=\u00bbdefault\u00bb bg_image_animation=\u00bbnone\u00bb border_type=\u00bbsimple\u00bb column_border_width=\u00bbnone\u00bb column_border_style=\u00bbsolid\u00bb][team_member image_url=\u00bb1955&#8243; bio_image_url=\u00bb1955&#8243; team_memeber_style=\u00bbbio_fullscreen\u00bb image_loading=\u00bbdefault\u00bb team_member_bio_full_html=\u00bbsimple\u00bb name=\u00bbAlper Volkan Karpuz\u00bb job_position=\u00bbInternational Director\u00bb team_member_bio=\u00bbEl desarrollo y la innovaci\u00f3n globales son el car\u00e1cter de One More International.\u00bb][\/team_member][\/vc_column_inner][\/vc_row_inner][\/vc_column][\/vc_row][vc_row type=\u00bbfull_width_background\u00bb full_screen_row_position=\u00bbmiddle\u00bb column_margin=\u00bbdefault\u00bb equal_height=\u00bbyes\u00bb content_placement=\u00bbmiddle\u00bb column_direction=\u00bbdefault\u00bb column_direction_tablet=\u00bbdefault\u00bb column_direction_phone=\u00bbdefault\u00bb bg_color=\u00bb#3452ff\u00bb scene_position=\u00bbcenter\u00bb top_padding=\u00bb29&#8243; constrain_group_1=\u00bbyes\u00bb bottom_padding=\u00bb29&#8243; text_color=\u00bblight\u00bb text_align=\u00bbleft\u00bb row_border_radius=\u00bbnone\u00bb row_border_radius_applies=\u00bbbg\u00bb overflow=\u00bbvisible\u00bb overlay_strength=\u00bb0.3&#8243; gradient_direction=\u00bbleft_to_right\u00bb shape_divider_position=\u00bbbottom\u00bb bg_image_animation=\u00bbnone\u00bb gradient_type=\u00bbdefault\u00bb shape_type=\u00bb\u00bb][vc_column column_padding=\u00bbno-extra-padding\u00bb column_padding_tablet=\u00bbinherit\u00bb column_padding_phone=\u00bbinherit\u00bb column_padding_position=\u00bball\u00bb column_element_direction_desktop=\u00bbdefault\u00bb column_element_spacing=\u00bbdefault\u00bb desktop_text_alignment=\u00bbdefault\u00bb tablet_text_alignment=\u00bbcenter\u00bb phone_text_alignment=\u00bbcenter\u00bb background_color_opacity=\u00bb1&#8243; background_hover_color_opacity=\u00bb1&#8243; column_backdrop_filter=\u00bbnone\u00bb column_shadow=\u00bbnone\u00bb column_border_radius=\u00bbnone\u00bb column_link_target=\u00bb_self\u00bb column_position=\u00bbdefault\u00bb gradient_direction=\u00bbleft_to_right\u00bb overlay_strength=\u00bb0.3&#8243; width=\u00bb2\/3&#8243; tablet_width_inherit=\u00bbdefault\u00bb animation_type=\u00bbdefault\u00bb bg_image_animation=\u00bbnone\u00bb border_type=\u00bbsimple\u00bb column_border_width=\u00bbnone\u00bb column_border_style=\u00bbsolid\u00bb][vc_custom_heading text=\u00bbAhora es el momento de conocer los productos de One More International. \u00a1Productos incre\u00edbles te est\u00e1n esperando!\u00bb font_container=\u00bbtag:h4|text_align:left\u00bb google_fonts=\u00bbfont_family:Pontano%20Sans%3Aregular|font_style:400%20regular%3A400%3Anormal\u00bb][\/vc_column][vc_column column_padding=\u00bbno-extra-padding\u00bb column_padding_tablet=\u00bbinherit\u00bb column_padding_phone=\u00bbinherit\u00bb column_padding_position=\u00bball\u00bb column_element_direction_desktop=\u00bbdefault\u00bb column_element_spacing=\u00bbdefault\u00bb desktop_text_alignment=\u00bbdefault\u00bb tablet_text_alignment=\u00bbcenter\u00bb phone_text_alignment=\u00bbcenter\u00bb background_color_opacity=\u00bb1&#8243; background_hover_color_opacity=\u00bb1&#8243; column_backdrop_filter=\u00bbnone\u00bb column_shadow=\u00bbnone\u00bb column_border_radius=\u00bbnone\u00bb column_link_target=\u00bb_self\u00bb column_position=\u00bbdefault\u00bb gradient_direction=\u00bbleft_to_right\u00bb overlay_strength=\u00bb0.3&#8243; width=\u00bb1\/3&#8243; tablet_width_inherit=\u00bbdefault\u00bb animation_type=\u00bbdefault\u00bb bg_image_animation=\u00bbnone\u00bb border_type=\u00bbsimple\u00bb column_border_width=\u00bbnone\u00bb column_border_style=\u00bbsolid\u00bb][vc_row_inner column_margin=\u00bbdefault\u00bb column_direction=\u00bbdefault\u00bb column_direction_tablet=\u00bbdefault\u00bb column_direction_phone=\u00bbdefault\u00bb text_align=\u00bbright\u00bb row_position=\u00bbdefault\u00bb row_position_tablet=\u00bbinherit\u00bb row_position_phone=\u00bbinherit\u00bb overflow=\u00bbvisible\u00bb pointer_events=\u00bball\u00bb][vc_column_inner column_padding=\u00bbno-extra-padding\u00bb column_padding_tablet=\u00bbinherit\u00bb column_padding_phone=\u00bbinherit\u00bb column_padding_position=\u00bball\u00bb column_element_direction_desktop=\u00bbdefault\u00bb column_element_spacing=\u00bbdefault\u00bb desktop_text_alignment=\u00bbdefault\u00bb tablet_text_alignment=\u00bbdefault\u00bb phone_text_alignment=\u00bbdefault\u00bb background_color_opacity=\u00bb1&#8243; background_hover_color_opacity=\u00bb1&#8243; column_backdrop_filter=\u00bbnone\u00bb column_shadow=\u00bbnone\u00bb column_border_radius=\u00bbnone\u00bb column_link_target=\u00bb_self\u00bb overflow=\u00bbvisible\u00bb gradient_direction=\u00bbleft_to_right\u00bb overlay_strength=\u00bb0.3&#8243; width=\u00bb1\/1&#8243; tablet_width_inherit=\u00bbdefault\u00bb animation_type=\u00bbdefault\u00bb bg_image_animation=\u00bbnone\u00bb border_type=\u00bbsimple\u00bb column_border_width=\u00bbnone\u00bb column_border_style=\u00bbsolid\u00bb][nectar_btn size=\u00bblarge\u00bb button_style=\u00bbregular\u00bb button_color_2=\u00bbAccent-Color\u00bb icon_family=\u00bbnone\u00bb text=\u00bbCuidaTuBienestarYVida\u00bb][\/vc_column_inner][\/vc_row_inner][\/vc_column][\/vc_row]\n","protected":false},"excerpt":{"rendered":"<p>[vc_row type=\u00bbfull_width_background\u00bb full_screen_row_position=\u00bbmiddle\u00bb column_margin=\u00bbdefault\u00bb column_direction=\u00bbdefault\u00bb column_direction_tablet=\u00bbdefault\u00bb column_direction_phone=\u00bbdefault\u00bb bg_color=\u00bb#141414&#8243; bg_image=\u00bb1823&#8243; bg_position=\u00bbcenter center\u00bb background_image_loading=\u00bbdefault\u00bb bg_repeat=\u00bbno-repeat\u00bb scene_position=\u00bbcenter\u00bb top_padding=\u00bb2%\u00bb bottom_padding=\u00bb2%\u00bb text_color=\u00bblight\u00bb text_align=\u00bbleft\u00bb row_border_radius=\u00bbnone\u00bb row_border_radius_applies=\u00bbbg\u00bb overflow=\u00bbvisible\u00bb enable_gradient=\u00bbtrue\u00bb color_overlay=\u00bb#0a0a0a\u00bb color_overlay_2=\u00bb#3452ff\u00bb overlay_strength=\u00bb0.5&#8243; gradient_direction=\u00bbleft_to_right\u00bb shape_divider_position=\u00bbbottom\u00bb bg_image_animation=\u00bbnone\u00bb parallax_bg=\u00bbtrue\u00bb parallax_bg_speed=\u00bbfast\u00bb&#8230;<\/p>\n","protected":false},"author":1,"featured_media":0,"parent":0,"menu_order":0,"comment_status":"closed","ping_status":"closed","template":"","meta":{"footnotes":""},"class_list":["post-2476","page","type-page","status-publish"],"_links":{"self":[{"href":"https:\/\/onemoreeurope.nl\/es\/wp-json\/wp\/v2\/pages\/2476","targetHints":{"allow":["GET"]}}],"collection":[{"href":"https:\/\/onemoreeurope.nl\/es\/wp-json\/wp\/v2\/pages"}],"about":[{"href":"https:\/\/onemoreeurope.nl\/es\/wp-json\/wp\/v2\/types\/page"}],"author":[{"embeddable":true,"href":"https:\/\/onemoreeurope.nl\/es\/wp-json\/wp\/v2\/users\/1"}],"replies":[{"embeddable":true,"href":"https:\/\/onemoreeurope.nl\/es\/wp-json\/wp\/v2\/comments?post=2476"}],"version-history":[{"count":5,"href":"https:\/\/onemoreeurope.nl\/es\/wp-json\/wp\/v2\/pages\/2476\/revisions"}],"predecessor-version":[{"id":3545,"href":"https:\/\/onemoreeurope.nl\/es\/wp-json\/wp\/v2\/pages\/2476\/revisions\/3545"}],"wp:attachment":[{"href":"https:\/\/onemoreeurope.nl\/es\/wp-json\/wp\/v2\/media?parent=2476"}],"curies":[{"name":"wp","href":"https:\/\/api.w.org\/{rel}","templated":true}]}}