{"id":2994,"date":"2024-05-09T04:09:46","date_gmt":"2024-05-09T01:09:46","guid":{"rendered":"https:\/\/onemoreeurope.nl\/cookies-policy\/"},"modified":"2024-05-21T12:58:34","modified_gmt":"2024-05-21T09:58:34","slug":"politica-de-cookies","status":"publish","type":"page","link":"https:\/\/onemoreeurope.nl\/es\/politica-de-cookies\/","title":{"rendered":"Pol\u00edtica de Cookies"},"content":{"rendered":"[vc_row type=\u00bbfull_width_background\u00bb full_screen_row_position=\u00bbmiddle\u00bb column_margin=\u00bbdefault\u00bb column_direction=\u00bbdefault\u00bb column_direction_tablet=\u00bbdefault\u00bb column_direction_phone=\u00bbdefault\u00bb bg_color=\u00bb#141414&#8243; bg_image=\u00bb513&#8243; bg_position=\u00bbcenter center\u00bb background_image_loading=\u00bbdefault\u00bb bg_repeat=\u00bbno-repeat\u00bb scene_position=\u00bbcenter\u00bb top_padding=\u00bb11%\u00bb bottom_padding=\u00bb8%\u00bb text_color=\u00bblight\u00bb text_align=\u00bbleft\u00bb row_border_radius=\u00bbnone\u00bb row_border_radius_applies=\u00bbbg\u00bb overflow=\u00bbvisible\u00bb color_overlay=\u00bb#0a0a0a\u00bb overlay_strength=\u00bb0.5&#8243; gradient_direction=\u00bbleft_to_right\u00bb shape_divider_position=\u00bbbottom\u00bb bg_image_animation=\u00bbnone\u00bb parallax_bg=\u00bbtrue\u00bb parallax_bg_speed=\u00bbfast\u00bb gradient_type=\u00bbdefault\u00bb shape_type=\u00bb\u00bb][vc_column column_padding=\u00bbno-extra-padding\u00bb column_padding_tablet=\u00bbinherit\u00bb column_padding_phone=\u00bbinherit\u00bb column_padding_position=\u00bball\u00bb column_element_direction_desktop=\u00bbdefault\u00bb column_element_spacing=\u00bbdefault\u00bb desktop_text_alignment=\u00bbdefault\u00bb tablet_text_alignment=\u00bbdefault\u00bb phone_text_alignment=\u00bbdefault\u00bb background_color_opacity=\u00bb1&#8243; background_hover_color_opacity=\u00bb1&#8243; column_backdrop_filter=\u00bbnone\u00bb column_shadow=\u00bbnone\u00bb column_border_radius=\u00bbnone\u00bb column_link_target=\u00bb_self\u00bb column_position=\u00bbdefault\u00bb gradient_direction=\u00bbleft_to_right\u00bb overlay_strength=\u00bb0.3&#8243; width=\u00bb1\/1&#8243; tablet_width_inherit=\u00bbdefault\u00bb animation_type=\u00bbdefault\u00bb bg_image_animation=\u00bbnone\u00bb border_type=\u00bbsimple\u00bb column_border_width=\u00bbnone\u00bb column_border_style=\u00bbsolid\u00bb][vc_row_inner column_margin=\u00bbdefault\u00bb column_direction=\u00bbdefault\u00bb column_direction_tablet=\u00bbdefault\u00bb column_direction_phone=\u00bbdefault\u00bb text_align=\u00bbleft\u00bb row_position=\u00bbdefault\u00bb row_position_tablet=\u00bbinherit\u00bb row_position_phone=\u00bbinherit\u00bb overflow=\u00bbvisible\u00bb pointer_events=\u00bball\u00bb][vc_column_inner column_padding=\u00bbno-extra-padding\u00bb column_padding_tablet=\u00bbinherit\u00bb column_padding_phone=\u00bbinherit\u00bb column_padding_position=\u00bball\u00bb column_element_direction_desktop=\u00bbdefault\u00bb column_element_spacing=\u00bbdefault\u00bb desktop_text_alignment=\u00bbdefault\u00bb tablet_text_alignment=\u00bbdefault\u00bb phone_text_alignment=\u00bbdefault\u00bb background_color_opacity=\u00bb1&#8243; background_hover_color_opacity=\u00bb1&#8243; column_backdrop_filter=\u00bbnone\u00bb column_shadow=\u00bbnone\u00bb column_border_radius=\u00bbnone\u00bb column_link_target=\u00bb_self\u00bb overflow=\u00bbvisible\u00bb gradient_direction=\u00bbleft_to_right\u00bb overlay_strength=\u00bb0.3&#8243; width=\u00bb1\/1&#8243; tablet_width_inherit=\u00bbdefault\u00bb animation_type=\u00bbdefault\u00bb enable_animation=\u00bbtrue\u00bb animation=\u00bbfade-in-from-bottom\u00bb animation_easing=\u00bbdefault\u00bb bg_image_animation=\u00bbnone\u00bb border_type=\u00bbsimple\u00bb column_border_width=\u00bbnone\u00bb column_border_style=\u00bbsolid\u00bb][vc_column_text css_animation=\u00bbnone\u00bb]\n<h2>Pol\u00edtica de Cookies<\/h2>\n[\/vc_column_text][\/vc_column_inner][\/vc_row_inner][\/vc_column][\/vc_row][vc_row type=\u00bbfull_width_background\u00bb full_screen_row_position=\u00bbmiddle\u00bb column_margin=\u00bb90px\u00bb equal_height=\u00bbyes\u00bb content_placement=\u00bbmiddle\u00bb column_direction=\u00bbdefault\u00bb column_direction_tablet=\u00bbcolumn_reverse\u00bb column_direction_phone=\u00bbcolumn_reverse\u00bb bg_color=\u00bb#ffffff\u00bb scene_position=\u00bbcenter\u00bb top_padding=\u00bb6%\u00bb bottom_padding=\u00bb2%\u00bb top_padding_tablet=\u00bb8%\u00bb bottom_padding_tablet=\u00bb8%\u00bb text_color=\u00bbdark\u00bb text_align=\u00bbleft\u00bb row_border_radius=\u00bbnone\u00bb row_border_radius_applies=\u00bbbg\u00bb overflow=\u00bbvisible\u00bb id=\u00bbhome\u00bb overlay_strength=\u00bb0.5&#8243; gradient_direction=\u00bbtop_to_bottom\u00bb shape_divider_position=\u00bbbottom\u00bb bg_image_animation=\u00bbnone\u00bb shape_type=\u00bbstraight_section\u00bb][vc_column column_padding=\u00bbno-extra-padding\u00bb column_padding_tablet=\u00bbinherit\u00bb column_padding_phone=\u00bbinherit\u00bb column_padding_position=\u00bball\u00bb column_element_direction_desktop=\u00bbdefault\u00bb column_element_spacing=\u00bbdefault\u00bb desktop_text_alignment=\u00bbdefault\u00bb tablet_text_alignment=\u00bbdefault\u00bb phone_text_alignment=\u00bbdefault\u00bb background_color_opacity=\u00bb1&#8243; background_hover_color_opacity=\u00bb1&#8243; column_backdrop_filter=\u00bbnone\u00bb column_shadow=\u00bbnone\u00bb column_border_radius=\u00bbnone\u00bb column_link_target=\u00bb_self\u00bb column_position=\u00bbdefault\u00bb gradient_direction=\u00bbleft_to_right\u00bb overlay_strength=\u00bb0.5&#8243; width=\u00bb1\/1&#8243; tablet_width_inherit=\u00bbdefault\u00bb animation_type=\u00bbdefault\u00bb bg_image_animation=\u00bbnone\u00bb border_type=\u00bbsimple\u00bb column_border_width=\u00bbnone\u00bb column_border_style=\u00bbsolid\u00bb offset=\u00bbvc_col-xs-12&#8243;][vc_row_inner column_margin=\u00bbdefault\u00bb column_direction=\u00bbdefault\u00bb column_direction_tablet=\u00bbdefault\u00bb column_direction_phone=\u00bbdefault\u00bb text_align=\u00bbleft\u00bb row_position=\u00bbdefault\u00bb row_position_tablet=\u00bbinherit\u00bb row_position_phone=\u00bbinherit\u00bb overflow=\u00bbvisible\u00bb pointer_events=\u00bball\u00bb min_width=\u00bb47vh\u00bb][vc_column_inner column_padding=\u00bbno-extra-padding\u00bb column_padding_tablet=\u00bbinherit\u00bb column_padding_phone=\u00bbinherit\u00bb column_padding_position=\u00bball\u00bb column_element_direction_desktop=\u00bbdefault\u00bb column_element_spacing=\u00bb5px\u00bb desktop_text_alignment=\u00bbdefault\u00bb tablet_text_alignment=\u00bbdefault\u00bb phone_text_alignment=\u00bbdefault\u00bb background_color_opacity=\u00bb1&#8243; background_hover_color_opacity=\u00bb1&#8243; column_backdrop_filter=\u00bbnone\u00bb column_shadow=\u00bbnone\u00bb column_border_radius=\u00bbnone\u00bb column_link_target=\u00bb_self\u00bb overflow=\u00bbvisible\u00bb gradient_direction=\u00bbleft_to_right\u00bb overlay_strength=\u00bb0.3&#8243; width=\u00bb1\/1&#8243; tablet_width_inherit=\u00bbdefault\u00bb animation_type=\u00bbdefault\u00bb enable_animation=\u00bbtrue\u00bb animation=\u00bbfade-in-from-bottom\u00bb animation_easing=\u00bbdefault\u00bb bg_image_animation=\u00bbnone\u00bb border_type=\u00bbsimple\u00bb column_border_width=\u00bbnone\u00bb column_border_style=\u00bbsolid\u00bb enable_border_animation=\u00bbtrue\u00bb][vc_column_text]Esta Pol\u00edtica de Cookies explica qu\u00e9 son las Cookies y c\u00f3mo las utilizamos. Debe leer esta pol\u00edtica para comprender qu\u00e9 tipo de cookies utilizamos o la informaci\u00f3n que recopilamos mediante cookies y c\u00f3mo se utiliza esa informaci\u00f3n.<\/p>\n<p>Las cookies generalmente no contienen informaci\u00f3n que identifique personalmente a un usuario, pero la informaci\u00f3n personal que almacenamos sobre usted puede estar vinculada a la informaci\u00f3n almacenada y obtenida de las cookies. Para m\u00e1s informaci\u00f3n sobre<br \/>\nC\u00f3mo utilizamos, almacenamos y mantenemos seguros sus datos personales, consulte nuestra Pol\u00edtica de privacidad.<\/p>\n<p>No almacenamos informaci\u00f3n personal confidencial, como direcciones postales, contrase\u00f1as de cuentas, etc. en las cookies que utilizamos.<\/p>\n<p>Interpretaci\u00f3n y definiciones<br \/>\n===============================<\/p>\n<p>Interpretaci\u00f3n<br \/>\n\u2014\u2014\u2014\u2014\u2013<\/p>\n<p>Las palabras cuya letra inicial est\u00e1 en may\u00fascula tienen significados definidos bajo las siguientes condiciones. Las siguientes definiciones tendr\u00e1n el mismo significado independientemente de que aparezcan en singular o en plural.<\/p>\n<p>Definiciones<br \/>\n\u2014\u2014\u2014\u2013<\/p>\n<p>A los efectos de esta Pol\u00edtica de Cookies:<\/p>\n<p>* Empresa (denominada \u201cla Empresa\u201d, \u201cNosotros\u201d, \u201cNos\u201d o \u201cNuestro\u201d en esta Pol\u00edtica de Cookies) se refiere a OneMore Europe BV, Keersopstraat 15, 3044 EXRotterdam.<br \/>\n* Cookies significa peque\u00f1os archivos que un sitio web coloca en su computadora, dispositivo m\u00f3vil o cualquier otro dispositivo y que contienen detalles de su historial de navegaci\u00f3n en ese sitio web, entre sus muchos usos.<br \/>\n* El sitio web se refiere a One More Europe, accesible desde [onemoreeurope.nl](onemoreeurope.nl)<br \/>\n* Usted se refiere a la persona que accede o utiliza el sitio web, o una empresa o cualquier entidad legal en nombre de la cual dicha persona accede o utiliza el sitio web, seg\u00fan corresponda.<\/p>\n<p>El uso de las Cookies<br \/>\n=======================<\/p>\n<p>Tipo de cookies que utilizamos<br \/>\n\u2014\u2014\u2014\u2014\u2014\u2014\u2014-<\/p>\n<p>Las cookies pueden ser Cookies \u201cPersistentes\u201d o de \u201cSesi\u00f3n\u201d. Las cookies persistentes permanecen en su computadora personal o dispositivo m\u00f3vil cuando se desconecta, mientras que las cookies de sesi\u00f3n se eliminan tan pronto como cierra su navegador web.<\/p>\n<p>Utilizamos cookies de sesi\u00f3n y persistentes para los fines que se detallan a continuaci\u00f3n:<\/p>\n<p>* Cookies necesarias\/esenciales<\/p>\n<p>Tipo: Cookies de sesi\u00f3n<\/p>\n<p>Administrado por: Nosotros<\/p>\n<p>Prop\u00f3sito: Estas cookies son esenciales para brindarle los servicios disponibles a trav\u00e9s del sitio web y permitirle utilizar algunas de sus funciones. Ayudan a autenticar a los usuarios y evitar el uso fraudulento de cuentas de usuario. Sin estas Cookies, los servicios que usted ha solicitado<br \/>\nno se pueden proporcionar y solo utilizamos estas cookies para brindarle esos servicios.<\/p>\n<p>* Pol\u00edtica de Cookies \/ Aviso de Aceptaci\u00f3n de Cookies<\/p>\n<p>Tipo: Cookies persistentes<\/p>\n<p>Administrado por: Nosotros<\/p>\n<p>Finalidad: Estas Cookies identifican si los usuarios han aceptado el uso de cookies en el Sitio Web.<\/p>\n<p>* Cookies de funcionalidad<\/p>\n<p>Tipo: Cookies persistentes<\/p>\n<p>Administrado por: Nosotros<\/p>\n<p>Prop\u00f3sito: Estas cookies nos permiten recordar las elecciones que realiza cuando utiliza el sitio web, como recordar sus datos de inicio de sesi\u00f3n o su preferencia de idioma. El prop\u00f3sito de estas Cookies es brindarle una experiencia m\u00e1s personal y evitar que tenga que volver a ingresar sus preferencias.<br \/>\ncada vez que utiliza el sitio web.<\/p>\n<p>Sus opciones con respecto a las cookies<br \/>\n\u2014\u2014\u2014\u2014\u2014\u2014\u2014\u2014\u2014\u2014<\/p>\n<p>Si prefiere evitar el uso de Cookies en el Sitio Web, primero deber\u00e1 desactivar el uso de Cookies en su navegador y luego eliminar las Cookies guardadas en su navegador asociadas a este sitio web. Podr\u00e1 utilizar esta opci\u00f3n para impedir el uso de Cookies en cualquier momento.<\/p>\n<p>Si no acepta nuestras cookies, puede experimentar algunos inconvenientes en el uso del sitio web y es posible que algunas funciones no funcionen correctamente.<\/p>\n<p>Si desea eliminar cookies o indicarle a su navegador web que elimine o rechace cookies, visite las p\u00e1ginas de ayuda de su navegador web.<\/p>\n<p>* Para el navegador web Chrome, visite esta p\u00e1gina de Google:<\/p>\n<p>support.google.com\/accounts\/answer\/32050&gt;<\/p>\n<p>* Para el navegador web Internet Explorer, visite esta p\u00e1gina de Microsoft:<\/p>\n<p>support.microsoft.com\/kb\/278835&gt;<\/p>\n<p>* Para el navegador web Firefox, visite esta p\u00e1gina de Mozilla:<\/p>\n<p>support.mozilla.org\/en-US\/kb\/delete-cookies-remove-info-websites-stored&gt;<\/p>\n<p>* Para el navegador web Safari, visite esta p\u00e1gina de Apple:<\/p>\n<p>support.apple.com\/guide\/safari\/manage-cookies-and-website-data-sfri11471\/mac&gt;<\/p>\n<p>Para cualquier otro navegador web, visite las p\u00e1ginas web oficiales de su navegador web.<\/p>\n<p>M\u00e1s informaci\u00f3n sobre las cookies<br \/>\n\u2014\u2014\u2014\u2014\u2014\u2014\u2014\u2014\u2014\u2014<\/p>\n<p>Puede obtener m\u00e1s informaci\u00f3n sobre las cookies aqu\u00ed: [Todo sobre las cookies medianteTermsFeed](https:\/\/www.termsfeed.com\/blog\/cookies\/).<\/p>\n<p>Cont\u00e1ctenos<br \/>\n\u2014\u2014\u2014-<\/p>\n<p>Si tiene alguna duda sobre esta Pol\u00edtica de Cookies, puede contactar con nosotros:<\/p>\n<p>Por correo electr\u00f3nico: info@onemoreeurope.nl[\/vc_column_text][\/vc_column_inner][\/vc_row_inner][\/vc_column][\/vc_row]\n","protected":false},"excerpt":{"rendered":"<p>[vc_row type=\u00bbfull_width_background\u00bb full_screen_row_position=\u00bbmiddle\u00bb column_margin=\u00bbdefault\u00bb column_direction=\u00bbdefault\u00bb column_direction_tablet=\u00bbdefault\u00bb column_direction_phone=\u00bbdefault\u00bb bg_color=\u00bb#141414&#8243; bg_image=\u00bb513&#8243; bg_position=\u00bbcenter center\u00bb background_image_loading=\u00bbdefault\u00bb bg_repeat=\u00bbno-repeat\u00bb scene_position=\u00bbcenter\u00bb top_padding=\u00bb11%\u00bb bottom_padding=\u00bb8%\u00bb text_color=\u00bblight\u00bb text_align=\u00bbleft\u00bb row_border_radius=\u00bbnone\u00bb row_border_radius_applies=\u00bbbg\u00bb overflow=\u00bbvisible\u00bb color_overlay=\u00bb#0a0a0a\u00bb overlay_strength=\u00bb0.5&#8243; gradient_direction=\u00bbleft_to_right\u00bb shape_divider_position=\u00bbbottom\u00bb bg_image_animation=\u00bbnone\u00bb parallax_bg=\u00bbtrue\u00bb parallax_bg_speed=\u00bbfast\u00bb gradient_type=\u00bbdefault\u00bb shape_type=\u00bb\u00bb][vc_column&#8230;<\/p>\n","protected":false},"author":1,"featured_media":0,"parent":0,"menu_order":0,"comment_status":"closed","ping_status":"closed","template":"","meta":{"footnotes":""},"class_list":["post-2994","page","type-page","status-publish"],"_links":{"self":[{"href":"https:\/\/onemoreeurope.nl\/es\/wp-json\/wp\/v2\/pages\/2994","targetHints":{"allow":["GET"]}}],"collection":[{"href":"https:\/\/onemoreeurope.nl\/es\/wp-json\/wp\/v2\/pages"}],"about":[{"href":"https:\/\/onemoreeurope.nl\/es\/wp-json\/wp\/v2\/types\/page"}],"author":[{"embeddable":true,"href":"https:\/\/onemoreeurope.nl\/es\/wp-json\/wp\/v2\/users\/1"}],"replies":[{"embeddable":true,"href":"https:\/\/onemoreeurope.nl\/es\/wp-json\/wp\/v2\/comments?post=2994"}],"version-history":[{"count":2,"href":"https:\/\/onemoreeurope.nl\/es\/wp-json\/wp\/v2\/pages\/2994\/revisions"}],"predecessor-version":[{"id":3007,"href":"https:\/\/onemoreeurope.nl\/es\/wp-json\/wp\/v2\/pages\/2994\/revisions\/3007"}],"wp:attachment":[{"href":"https:\/\/onemoreeurope.nl\/es\/wp-json\/wp\/v2\/media?parent=2994"}],"curies":[{"name":"wp","href":"https:\/\/api.w.org\/{rel}","templated":true}]}}