{"id":2997,"date":"2024-05-09T04:10:21","date_gmt":"2024-05-09T01:10:21","guid":{"rendered":"https:\/\/onemoreeurope.nl\/terms-and-conditions\/"},"modified":"2024-05-21T13:02:58","modified_gmt":"2024-05-21T10:02:58","slug":"terminos-y-condiciones","status":"publish","type":"page","link":"https:\/\/onemoreeurope.nl\/es\/terminos-y-condiciones\/","title":{"rendered":"T\u00e9rminos y Condiciones"},"content":{"rendered":"[vc_row type=\u00bbfull_width_background\u00bb full_screen_row_position=\u00bbmiddle\u00bb column_margin=\u00bbdefault\u00bb column_direction=\u00bbdefault\u00bb column_direction_tablet=\u00bbdefault\u00bb column_direction_phone=\u00bbdefault\u00bb bg_color=\u00bb#141414&#8243; bg_image=\u00bb513&#8243; bg_position=\u00bbcenter center\u00bb background_image_loading=\u00bbdefault\u00bb bg_repeat=\u00bbno-repeat\u00bb scene_position=\u00bbcenter\u00bb top_padding=\u00bb11%\u00bb bottom_padding=\u00bb8%\u00bb text_color=\u00bblight\u00bb text_align=\u00bbleft\u00bb row_border_radius=\u00bbnone\u00bb row_border_radius_applies=\u00bbbg\u00bb overflow=\u00bbvisible\u00bb color_overlay=\u00bb#0a0a0a\u00bb overlay_strength=\u00bb0.5&#8243; gradient_direction=\u00bbleft_to_right\u00bb shape_divider_position=\u00bbbottom\u00bb bg_image_animation=\u00bbnone\u00bb parallax_bg=\u00bbtrue\u00bb parallax_bg_speed=\u00bbfast\u00bb gradient_type=\u00bbdefault\u00bb shape_type=\u00bb\u00bb][vc_column column_padding=\u00bbno-extra-padding\u00bb column_padding_tablet=\u00bbinherit\u00bb column_padding_phone=\u00bbinherit\u00bb column_padding_position=\u00bball\u00bb column_element_direction_desktop=\u00bbdefault\u00bb column_element_spacing=\u00bbdefault\u00bb desktop_text_alignment=\u00bbdefault\u00bb tablet_text_alignment=\u00bbdefault\u00bb phone_text_alignment=\u00bbdefault\u00bb background_color_opacity=\u00bb1&#8243; background_hover_color_opacity=\u00bb1&#8243; column_backdrop_filter=\u00bbnone\u00bb column_shadow=\u00bbnone\u00bb column_border_radius=\u00bbnone\u00bb column_link_target=\u00bb_self\u00bb column_position=\u00bbdefault\u00bb gradient_direction=\u00bbleft_to_right\u00bb overlay_strength=\u00bb0.3&#8243; width=\u00bb1\/1&#8243; tablet_width_inherit=\u00bbdefault\u00bb animation_type=\u00bbdefault\u00bb bg_image_animation=\u00bbnone\u00bb border_type=\u00bbsimple\u00bb column_border_width=\u00bbnone\u00bb column_border_style=\u00bbsolid\u00bb][vc_row_inner column_margin=\u00bbdefault\u00bb column_direction=\u00bbdefault\u00bb column_direction_tablet=\u00bbdefault\u00bb column_direction_phone=\u00bbdefault\u00bb text_align=\u00bbleft\u00bb row_position=\u00bbdefault\u00bb row_position_tablet=\u00bbinherit\u00bb row_position_phone=\u00bbinherit\u00bb overflow=\u00bbvisible\u00bb pointer_events=\u00bball\u00bb][vc_column_inner column_padding=\u00bbno-extra-padding\u00bb column_padding_tablet=\u00bbinherit\u00bb column_padding_phone=\u00bbinherit\u00bb column_padding_position=\u00bball\u00bb column_element_direction_desktop=\u00bbdefault\u00bb column_element_spacing=\u00bbdefault\u00bb desktop_text_alignment=\u00bbdefault\u00bb tablet_text_alignment=\u00bbdefault\u00bb phone_text_alignment=\u00bbdefault\u00bb background_color_opacity=\u00bb1&#8243; background_hover_color_opacity=\u00bb1&#8243; column_backdrop_filter=\u00bbnone\u00bb column_shadow=\u00bbnone\u00bb column_border_radius=\u00bbnone\u00bb column_link_target=\u00bb_self\u00bb overflow=\u00bbvisible\u00bb gradient_direction=\u00bbleft_to_right\u00bb overlay_strength=\u00bb0.3&#8243; width=\u00bb1\/1&#8243; tablet_width_inherit=\u00bbdefault\u00bb animation_type=\u00bbdefault\u00bb enable_animation=\u00bbtrue\u00bb animation=\u00bbfade-in-from-bottom\u00bb animation_easing=\u00bbdefault\u00bb bg_image_animation=\u00bbnone\u00bb border_type=\u00bbsimple\u00bb column_border_width=\u00bbnone\u00bb column_border_style=\u00bbsolid\u00bb][vc_column_text css_animation=\u00bbnone\u00bb]\n<h2>T\u00e9rminos y Condiciones<\/h2>\n[\/vc_column_text][\/vc_column_inner][\/vc_row_inner][\/vc_column][\/vc_row][vc_row type=\u00bbfull_width_background\u00bb full_screen_row_position=\u00bbmiddle\u00bb column_margin=\u00bb90px\u00bb equal_height=\u00bbyes\u00bb content_placement=\u00bbmiddle\u00bb column_direction=\u00bbdefault\u00bb column_direction_tablet=\u00bbcolumn_reverse\u00bb column_direction_phone=\u00bbcolumn_reverse\u00bb bg_color=\u00bb#ffffff\u00bb scene_position=\u00bbcenter\u00bb top_padding=\u00bb6%\u00bb bottom_padding=\u00bb2%\u00bb top_padding_tablet=\u00bb8%\u00bb bottom_padding_tablet=\u00bb8%\u00bb text_color=\u00bbdark\u00bb text_align=\u00bbleft\u00bb row_border_radius=\u00bbnone\u00bb row_border_radius_applies=\u00bbbg\u00bb overflow=\u00bbvisible\u00bb id=\u00bbhome\u00bb overlay_strength=\u00bb0.5&#8243; gradient_direction=\u00bbtop_to_bottom\u00bb shape_divider_position=\u00bbbottom\u00bb bg_image_animation=\u00bbnone\u00bb shape_type=\u00bbstraight_section\u00bb][vc_column column_padding=\u00bbno-extra-padding\u00bb column_padding_tablet=\u00bbinherit\u00bb column_padding_phone=\u00bbinherit\u00bb column_padding_position=\u00bball\u00bb column_element_direction_desktop=\u00bbdefault\u00bb column_element_spacing=\u00bbdefault\u00bb desktop_text_alignment=\u00bbdefault\u00bb tablet_text_alignment=\u00bbdefault\u00bb phone_text_alignment=\u00bbdefault\u00bb background_color_opacity=\u00bb1&#8243; background_hover_color_opacity=\u00bb1&#8243; column_backdrop_filter=\u00bbnone\u00bb column_shadow=\u00bbnone\u00bb column_border_radius=\u00bbnone\u00bb column_link_target=\u00bb_self\u00bb column_position=\u00bbdefault\u00bb gradient_direction=\u00bbleft_to_right\u00bb overlay_strength=\u00bb0.5&#8243; width=\u00bb1\/1&#8243; tablet_width_inherit=\u00bbdefault\u00bb animation_type=\u00bbdefault\u00bb bg_image_animation=\u00bbnone\u00bb border_type=\u00bbsimple\u00bb column_border_width=\u00bbnone\u00bb column_border_style=\u00bbsolid\u00bb offset=\u00bbvc_col-xs-12&#8243;][vc_row_inner column_margin=\u00bbdefault\u00bb column_direction=\u00bbdefault\u00bb column_direction_tablet=\u00bbdefault\u00bb column_direction_phone=\u00bbdefault\u00bb text_align=\u00bbleft\u00bb row_position=\u00bbdefault\u00bb row_position_tablet=\u00bbinherit\u00bb row_position_phone=\u00bbinherit\u00bb overflow=\u00bbvisible\u00bb pointer_events=\u00bball\u00bb min_width=\u00bb47vh\u00bb][vc_column_inner column_padding=\u00bbno-extra-padding\u00bb column_padding_tablet=\u00bbinherit\u00bb column_padding_phone=\u00bbinherit\u00bb column_padding_position=\u00bball\u00bb column_element_direction_desktop=\u00bbdefault\u00bb column_element_spacing=\u00bb5px\u00bb desktop_text_alignment=\u00bbdefault\u00bb tablet_text_alignment=\u00bbdefault\u00bb phone_text_alignment=\u00bbdefault\u00bb background_color_opacity=\u00bb1&#8243; background_hover_color_opacity=\u00bb1&#8243; column_backdrop_filter=\u00bbnone\u00bb column_shadow=\u00bbnone\u00bb column_border_radius=\u00bbnone\u00bb column_link_target=\u00bb_self\u00bb overflow=\u00bbvisible\u00bb gradient_direction=\u00bbleft_to_right\u00bb overlay_strength=\u00bb0.3&#8243; width=\u00bb1\/1&#8243; tablet_width_inherit=\u00bbdefault\u00bb animation_type=\u00bbdefault\u00bb enable_animation=\u00bbtrue\u00bb animation=\u00bbfade-in-from-bottom\u00bb animation_easing=\u00bbdefault\u00bb bg_image_animation=\u00bbnone\u00bb border_type=\u00bbsimple\u00bb column_border_width=\u00bbnone\u00bb column_border_style=\u00bbsolid\u00bb enable_border_animation=\u00bbtrue\u00bb][vc_column_text]Lea atentamente estas condiciones antes de utilizar nuestro Servicio.<\/p>\n<p>Interpretaci\u00f3n y definiciones<br \/>\n==============================<\/p>\n<p>Interpretaci\u00f3n<br \/>\n&#8212;&#8211;<\/p>\n<p>Las palabras cuya inicial aparece en may\u00fascula tienen los significados que se definen a continuaci\u00f3n. Las siguientes definiciones tendr\u00e1n el mismo significado independientemente de que aparezcan en singular o en plural.<\/p>\n<p>Definiciones<br \/>\n&#8212;-<\/p>\n<p>A los efectos de las presentes Condiciones Generales:<\/p>\n<p>* Afiliada significa una entidad que controla, es controlada por o est\u00e1 bajo control com\u00fan con una parte, donde \u00abcontrol\u00bb significa la propiedad del 50% o m\u00e1s de las acciones, participaciones u otros valores con derecho a voto para la elecci\u00f3n de directores u otra autoridad de gesti\u00f3n.<\/p>\n<p>* El pa\u00eds se refiere a: Pa\u00edses Bajos<\/p>\n<p>* La Empresa (denominada \u00abla Empresa\u00bb, \u00abNosotros\u00bb, \u00abNos\u00bb o \u00abNuestro\u00bb en el presente Acuerdo) se refiere a OneMore Europe B.V., Keersopstraat 15, 3044 EX Rotterdam.<\/p>\n<p>* Dispositivo: cualquier aparato que pueda acceder al Servicio, como un ordenador, un tel\u00e9fono m\u00f3vil o una tableta digital.<\/p>\n<p>* Servicio se refiere al sitio web.<\/p>\n<p>* Por \u00abT\u00e9rminos y Condiciones\u00bb (tambi\u00e9n denominados \u00abT\u00e9rminos\u00bb) se entienden estos T\u00e9rminos y Condiciones que constituyen el acuerdo completo entre Usted y la Empresa en relaci\u00f3n con el uso del Servicio.<\/p>\n<p>* Por Servicio de Medios Sociales de Terceros se entiende cualquier servicio o contenido (incluidos datos, informaci\u00f3n, productos o servicios) proporcionado por un tercero que pueda ser mostrado, incluido o puesto a disposici\u00f3n por el Servicio.<\/p>\n<p>* El sitio web se refiere a OneMore Europe B.V., accesible desde [onemoreeurope.nl](onemoreeurope.nl)<\/p>\n<p>* Usted es la persona f\u00edsica que accede o utiliza el Servicio, o la empresa u otra entidad jur\u00eddica en nombre de la cual dicha persona f\u00edsica accede o utiliza el Servicio, seg\u00fan corresponda.<\/p>\n<p>Acuse de recibo<br \/>\n==============<\/p>\n<p>Estos son los T\u00e9rminos y Condiciones que rigen el uso de este Servicio y el acuerdo que opera entre Usted y la Compa\u00f1\u00eda. Estos T\u00e9rminos y Condiciones establecen los derechos y obligaciones de todos los usuarios en relaci\u00f3n con el uso del Servicio.<\/p>\n<p>Su acceso y uso del Servicio est\u00e1n condicionados a su aceptaci\u00f3n y cumplimiento de estos T\u00e9rminos y Condiciones. Estas Condiciones se aplican a todos los visitantes, usuarios y dem\u00e1s personas que accedan o utilicen el Servicio.<\/p>\n<p>Al acceder o utilizar el Servicio, Usted acepta quedar vinculado por las presentes Condiciones Generales. Si no est\u00e1 de acuerdo con alguna parte de estas Condiciones, no podr\u00e1 acceder al Servicio.<\/p>\n<p>Usted declara que es mayor de 18 a\u00f1os. La Empresa no permite que los menores de 18 a\u00f1os utilicen el Servicio.<\/p>\n<p>Su acceso y uso del Servicio tambi\u00e9n est\u00e1n condicionados a Su aceptaci\u00f3n y cumplimiento de la Pol\u00edtica de Privacidad de la Empresa. Nuestra Pol\u00edtica de Privacidad describe Nuestras pol\u00edticas y procedimientos sobre la recopilaci\u00f3n, uso y divulgaci\u00f3n de Su informaci\u00f3n personal cuando Usted utiliza la Aplicaci\u00f3n o el Sitio Web y<br \/>\nle informa sobre sus derechos de privacidad y c\u00f3mo le protege la ley. Lea atentamente nuestra Pol\u00edtica de privacidad antes de utilizar nuestro Servicio.<\/p>\n<p>Propiedad intelectual<br \/>\n=====================<\/p>\n<p>El Servicio y su contenido original (excluyendo el Contenido proporcionado por Usted u otros usuarios), caracter\u00edsticas y funcionalidad son y seguir\u00e1n siendo propiedad exclusiva de la Empresa y sus licenciantes.<\/p>\n<p>El Servicio est\u00e1 protegido por derechos de autor, marcas registradas y otras leyes tanto del pa\u00eds como de otros pa\u00edses.<\/p>\n<p>Nuestras marcas e imagen comercial no pueden utilizarse en relaci\u00f3n con ning\u00fan producto o servicio sin el consentimiento previo por escrito de la Empresa.<\/p>\n<p>Enlaces a otros sitios web<br \/>\n=======================<\/p>\n<p>Nuestro Servicio puede contener enlaces a sitios web o servicios de terceros que no son propiedad ni est\u00e1n controlados por la Empresa.<\/p>\n<p>La Empresa no tiene control alguno sobre el contenido, las pol\u00edticas de privacidad o las pr\u00e1cticas de los sitios web o servicios de terceros, ni asume responsabilidad alguna por los mismos. Asimismo, usted reconoce y acepta que la Empresa no ser\u00e1 responsable, directa o indirectamente, de ning\u00fan da\u00f1o o p\u00e9rdida causado<br \/>\no supuestamente causados por o en conexi\u00f3n con el uso de o la confianza en cualquiera de dichos contenidos, bienes o servicios disponibles en o a trav\u00e9s de cualquiera de dichos sitios web o servicios.<\/p>\n<p>Le recomendamos encarecidamente que lea los t\u00e9rminos y condiciones y las pol\u00edticas de privacidad de los sitios web o servicios de terceros que visite.<\/p>\n<p>Terminaci\u00f3n<br \/>\n===========<\/p>\n<p>Podemos terminar o suspender su acceso inmediatamente, sin previo aviso ni responsabilidad, por cualquier motivo, incluyendo, sin limitaci\u00f3n, si usted incumple estos T\u00e9rminos y Condiciones.<\/p>\n<p>En caso de rescisi\u00f3n, cesar\u00e1 inmediatamente su derecho a utilizar el Servicio.<\/p>\n<p>Limitaci\u00f3n de responsabilidad<br \/>\n=======================<\/p>\n<p>Sin perjuicio de los da\u00f1os y perjuicios en que Usted pueda incurrir, la responsabilidad total de la Empresa y de cualquiera de sus proveedores en virtud de cualquier disposici\u00f3n de las presentes Condiciones y su recurso exclusivo por todo lo anterior se limitar\u00e1 al importe efectivamente abonado por Usted a trav\u00e9s del Servicio o a 100 USD si no ha adquirido<br \/>\ncualquier cosa a trav\u00e9s del Servicio.<\/p>\n<p>En la medida m\u00e1xima permitida por la ley aplicable, en ning\u00fan caso la Empresa o sus proveedores ser\u00e1n responsables de ning\u00fan da\u00f1o especial, incidental, indirecto o consecuente (incluyendo, pero no limitado a, da\u00f1os por p\u00e9rdida de beneficios, p\u00e9rdida de datos u otra informaci\u00f3n, por interrupci\u00f3n del negocio,<br \/>\npor lesiones personales, p\u00e9rdida de privacidad que surja de o est\u00e9 relacionada de alguna manera con el uso o la imposibilidad de uso del Servicio, software de terceros y\/o hardware de terceros utilizado con el Servicio, o de otra manera en relaci\u00f3n con cualquier disposici\u00f3n de estas Condiciones), incluso si la Empresa o cualquier proveedor ha sido advertido<br \/>\nde la posibilidad de tales da\u00f1os e incluso si el remedio no cumple su finalidad esencial.<\/p>\n<p>Algunos estados no permiten la exclusi\u00f3n de garant\u00edas impl\u00edcitas o la limitaci\u00f3n de responsabilidad por da\u00f1os incidentales o consecuentes, lo que significa que algunas de las limitaciones anteriores pueden no ser aplicables. En estos estados, la responsabilidad de cada parte se limitar\u00e1 en la mayor medida permitida por la ley.<\/p>\n<p>\u00abDescargo de responsabilidad \u00abTAL CUAL\u00bb y \u00abSEG\u00daN DISPONIBILIDAD<br \/>\n==========<\/p>\n<p>El Servicio se le proporciona \u00abTAL CUAL\u00bb y \u00abSEG\u00daN DISPONIBILIDAD\u00bb y con todos los fallos y defectos sin garant\u00eda de ning\u00fan tipo. En la medida m\u00e1xima permitida por la legislaci\u00f3n aplicable, la Compa\u00f1\u00eda, en su propio nombre y en nombre de sus Afiliados y sus respectivos licenciantes y proveedores de servicios,<br \/>\nrenuncia expresamente a todas las garant\u00edas, ya sean expresas, impl\u00edcitas, legales o de otro tipo, con respecto al Servicio, incluidas todas las garant\u00edas impl\u00edcitas de comerciabilidad, idoneidad para un fin determinado, titularidad y no infracci\u00f3n, y las garant\u00edas que puedan derivarse del curso de las negociaciones, el curso de la ejecuci\u00f3n,<br \/>\nusos o pr\u00e1cticas comerciales. Sin limitaci\u00f3n de lo anterior, la Empresa no ofrece ninguna garant\u00eda ni compromiso, ni hace ninguna declaraci\u00f3n de ning\u00fan tipo de que el Servicio cumplir\u00e1 sus requisitos, lograr\u00e1 los resultados previstos, ser\u00e1 compatible o funcionar\u00e1 con cualquier otro software, aplicaciones, sistemas o servicios,<br \/>\nfuncionar sin interrupci\u00f3n, cumplir las normas de rendimiento o fiabilidad o estar libre de errores o que cualquier error o defecto pueda ser o vaya a ser corregido. Sin perjuicio de lo anterior, ni la Empresa ni ninguno de sus proveedores ofrecen representaci\u00f3n o garant\u00eda de ning\u00fan tipo, expresa o impl\u00edcita:<br \/>\n(i) en cuanto al funcionamiento o disponibilidad del Servicio, o de la informaci\u00f3n, contenido y materiales o productos incluidos en el mismo; (ii) que el Servicio ser\u00e1 ininterrumpido o estar\u00e1 libre de errores; (iii) en cuanto a la exactitud, fiabilidad o actualidad de cualquier informaci\u00f3n o contenido proporcionado a trav\u00e9s del Servicio; o (iv)<br \/>\nque el Servicio, sus servidores, el contenido o los correos electr\u00f3nicos enviados desde o en nombre de la Empresa est\u00e9n libres de virus, scripts, troyanos, gusanos, malware, bombas de relojer\u00eda u otros componentes da\u00f1inos. Algunas jurisdicciones no permiten la exclusi\u00f3n de ciertos tipos de garant\u00edas<br \/>\no limitaciones de los derechos legales aplicables de un consumidor, por lo que es posible que algunas o todas las exclusiones y limitaciones anteriores no sean aplicables en su caso. Pero en tal caso, las exclusiones y limitaciones establecidas en esta secci\u00f3n se aplicar\u00e1n en la mayor medida exigible en virtud de la legislaci\u00f3n aplicable.<\/p>\n<p>Derecho aplicable<br \/>\n=============<\/p>\n<p>Las presentes Condiciones y el uso que Usted haga del Servicio se regir\u00e1n por la legislaci\u00f3n del Pa\u00eds, con exclusi\u00f3n de sus normas sobre conflictos de leyes. Su uso de la Aplicaci\u00f3n tambi\u00e9n puede estar sujeto a otras leyes locales, estatales, nacionales o internacionales.<\/p>\n<p>Resoluci\u00f3n de litigios<br \/>\n===================<\/p>\n<p>Si tiene alguna duda o disputa sobre el Servicio, acepta primero intentar resolver la disputa de manera informal poni\u00e9ndose en contacto con la Empresa.<\/p>\n<p>Para usuarios de la Uni\u00f3n Europea (UE)<br \/>\n=============================<\/p>\n<p>Si Usted es un consumidor de la Uni\u00f3n Europea, se beneficiar\u00e1 de las disposiciones obligatorias de la legislaci\u00f3n del pa\u00eds en el que resida.<\/p>\n<p>Cumplimiento legal en Estados Unidos<br \/>\n==============================<\/p>\n<p>Usted declara y garantiza que (i) no se encuentra en un pa\u00eds sujeto a embargo por parte del gobierno de Estados Unidos, o que haya sido designado por el gobierno de Estados Unidos como pa\u00eds \u00abde apoyo al terrorismo\u00bb, y (ii) no figura en ninguna lista del gobierno de Estados Unidos de pa\u00edses prohibidos o que apoyan el terrorismo.<br \/>\npartes restringidas.<\/p>\n<p>Divisibilidad y renuncia<br \/>\n=======================<\/p>\n<p>Divisibilidad<br \/>\n&#8212;-<\/p>\n<p>Si alguna disposici\u00f3n de estas Condiciones se considera inaplicable o inv\u00e1lida, dicha disposici\u00f3n se modificar\u00e1 e interpretar\u00e1 para cumplir los objetivos de dicha disposici\u00f3n en la mayor medida posible seg\u00fan la legislaci\u00f3n aplicable y las disposiciones restantes continuar\u00e1n en pleno vigor y efecto.<\/p>\n<p>Renuncia<br \/>\n&#8212;<\/p>\n<p>Salvo lo dispuesto en el presente documento, el hecho de no ejercer un derecho o de no exigir el cumplimiento de una obligaci\u00f3n en virtud de las presentes Condiciones no afectar\u00e1 a la capacidad de una de las partes para ejercer dicho derecho o exigir dicho cumplimiento en cualquier momento posterior, ni la renuncia a un incumplimiento constituir\u00e1 una renuncia a cualquier otra obligaci\u00f3n.<br \/>\nincumplimiento posterior.<\/p>\n<p>Traducci\u00f3n Interpretaci\u00f3n<br \/>\n==========================<\/p>\n<p>Estas Condiciones Generales pueden haber sido traducidas si las hemos puesto a su disposici\u00f3n en nuestro Servicio. Usted acepta que el texto original en ingl\u00e9s prevalecer\u00e1 en caso de litigio.<\/p>\n<p>Modificaciones de las presentes condiciones<br \/>\n=====================================<\/p>\n<p>Nos reservamos el derecho, a nuestra entera discreci\u00f3n, de modificar o sustituir estas Condiciones en cualquier momento. Si una revisi\u00f3n es sustancial, haremos todo lo razonablemente posible para notificarlo con al menos 30 d\u00edas de antelaci\u00f3n a la entrada en vigor de los nuevos t\u00e9rminos. Lo que constituya un cambio sustancial se determinar\u00e1 a nuestra entera discreci\u00f3n.<\/p>\n<p>Al continuar accediendo o utilizando nuestro Servicio despu\u00e9s de que dichas revisiones entren en vigor, usted acepta quedar vinculado por los t\u00e9rminos revisados. Si no est\u00e1 de acuerdo con las nuevas condiciones, en su totalidad o en parte, deje de utilizar el sitio web y el Servicio.<\/p>\n<p>Contacte con nosotros<br \/>\n==========<\/p>\n<p>Si tiene alguna pregunta sobre estas Condiciones, puede ponerse en contacto con nosotros:<\/p>\n<p>Por correo electr\u00f3nico: info@onemoreeurope.nl[\/vc_column_text][\/vc_column_inner][\/vc_row_inner][\/vc_column][\/vc_row]\n","protected":false},"excerpt":{"rendered":"<p>[vc_row type=\u00bbfull_width_background\u00bb full_screen_row_position=\u00bbmiddle\u00bb column_margin=\u00bbdefault\u00bb column_direction=\u00bbdefault\u00bb column_direction_tablet=\u00bbdefault\u00bb column_direction_phone=\u00bbdefault\u00bb bg_color=\u00bb#141414&#8243; bg_image=\u00bb513&#8243; bg_position=\u00bbcenter center\u00bb background_image_loading=\u00bbdefault\u00bb bg_repeat=\u00bbno-repeat\u00bb scene_position=\u00bbcenter\u00bb top_padding=\u00bb11%\u00bb bottom_padding=\u00bb8%\u00bb text_color=\u00bblight\u00bb text_align=\u00bbleft\u00bb row_border_radius=\u00bbnone\u00bb row_border_radius_applies=\u00bbbg\u00bb overflow=\u00bbvisible\u00bb color_overlay=\u00bb#0a0a0a\u00bb overlay_strength=\u00bb0.5&#8243; gradient_direction=\u00bbleft_to_right\u00bb shape_divider_position=\u00bbbottom\u00bb bg_image_animation=\u00bbnone\u00bb parallax_bg=\u00bbtrue\u00bb parallax_bg_speed=\u00bbfast\u00bb gradient_type=\u00bbdefault\u00bb shape_type=\u00bb\u00bb][vc_column&#8230;<\/p>\n","protected":false},"author":1,"featured_media":0,"parent":0,"menu_order":0,"comment_status":"closed","ping_status":"closed","template":"","meta":{"footnotes":""},"class_list":["post-2997","page","type-page","status-publish"],"_links":{"self":[{"href":"https:\/\/onemoreeurope.nl\/es\/wp-json\/wp\/v2\/pages\/2997","targetHints":{"allow":["GET"]}}],"collection":[{"href":"https:\/\/onemoreeurope.nl\/es\/wp-json\/wp\/v2\/pages"}],"about":[{"href":"https:\/\/onemoreeurope.nl\/es\/wp-json\/wp\/v2\/types\/page"}],"author":[{"embeddable":true,"href":"https:\/\/onemoreeurope.nl\/es\/wp-json\/wp\/v2\/users\/1"}],"replies":[{"embeddable":true,"href":"https:\/\/onemoreeurope.nl\/es\/wp-json\/wp\/v2\/comments?post=2997"}],"version-history":[{"count":1,"href":"https:\/\/onemoreeurope.nl\/es\/wp-json\/wp\/v2\/pages\/2997\/revisions"}],"predecessor-version":[{"id":3010,"href":"https:\/\/onemoreeurope.nl\/es\/wp-json\/wp\/v2\/pages\/2997\/revisions\/3010"}],"wp:attachment":[{"href":"https:\/\/onemoreeurope.nl\/es\/wp-json\/wp\/v2\/media?parent=2997"}],"curies":[{"name":"wp","href":"https:\/\/api.w.org\/{rel}","templated":true}]}}