{"id":2996,"date":"2024-05-09T04:10:21","date_gmt":"2024-05-09T01:10:21","guid":{"rendered":"https:\/\/onemoreeurope.nl\/terms-and-conditions\/"},"modified":"2024-05-21T13:01:34","modified_gmt":"2024-05-21T10:01:34","slug":"termini-e-condizioni","status":"publish","type":"page","link":"https:\/\/onemoreeurope.nl\/it\/termini-e-condizioni\/","title":{"rendered":"Termini e Condizioni"},"content":{"rendered":"[vc_row type=&#8221;full_width_background&#8221; full_screen_row_position=&#8221;middle&#8221; column_margin=&#8221;default&#8221; column_direction=&#8221;default&#8221; column_direction_tablet=&#8221;default&#8221; column_direction_phone=&#8221;default&#8221; bg_color=&#8221;#141414&#8243; bg_image=&#8221;513&#8243; bg_position=&#8221;center center&#8221; background_image_loading=&#8221;default&#8221; bg_repeat=&#8221;no-repeat&#8221; scene_position=&#8221;center&#8221; top_padding=&#8221;11%&#8221; bottom_padding=&#8221;8%&#8221; text_color=&#8221;light&#8221; text_align=&#8221;left&#8221; row_border_radius=&#8221;none&#8221; row_border_radius_applies=&#8221;bg&#8221; overflow=&#8221;visible&#8221; color_overlay=&#8221;#0a0a0a&#8221; overlay_strength=&#8221;0.5&#8243; gradient_direction=&#8221;left_to_right&#8221; shape_divider_position=&#8221;bottom&#8221; bg_image_animation=&#8221;none&#8221; parallax_bg=&#8221;true&#8221; parallax_bg_speed=&#8221;fast&#8221; gradient_type=&#8221;default&#8221; shape_type=&#8221;&#8221;][vc_column column_padding=&#8221;no-extra-padding&#8221; column_padding_tablet=&#8221;inherit&#8221; column_padding_phone=&#8221;inherit&#8221; column_padding_position=&#8221;all&#8221; column_element_direction_desktop=&#8221;default&#8221; column_element_spacing=&#8221;default&#8221; desktop_text_alignment=&#8221;default&#8221; tablet_text_alignment=&#8221;default&#8221; phone_text_alignment=&#8221;default&#8221; background_color_opacity=&#8221;1&#8243; background_hover_color_opacity=&#8221;1&#8243; column_backdrop_filter=&#8221;none&#8221; column_shadow=&#8221;none&#8221; column_border_radius=&#8221;none&#8221; column_link_target=&#8221;_self&#8221; column_position=&#8221;default&#8221; gradient_direction=&#8221;left_to_right&#8221; overlay_strength=&#8221;0.3&#8243; width=&#8221;1\/1&#8243; tablet_width_inherit=&#8221;default&#8221; animation_type=&#8221;default&#8221; bg_image_animation=&#8221;none&#8221; border_type=&#8221;simple&#8221; column_border_width=&#8221;none&#8221; column_border_style=&#8221;solid&#8221;][vc_row_inner column_margin=&#8221;default&#8221; column_direction=&#8221;default&#8221; column_direction_tablet=&#8221;default&#8221; column_direction_phone=&#8221;default&#8221; text_align=&#8221;left&#8221; row_position=&#8221;default&#8221; row_position_tablet=&#8221;inherit&#8221; row_position_phone=&#8221;inherit&#8221; overflow=&#8221;visible&#8221; pointer_events=&#8221;all&#8221;][vc_column_inner column_padding=&#8221;no-extra-padding&#8221; column_padding_tablet=&#8221;inherit&#8221; column_padding_phone=&#8221;inherit&#8221; column_padding_position=&#8221;all&#8221; column_element_direction_desktop=&#8221;default&#8221; column_element_spacing=&#8221;default&#8221; desktop_text_alignment=&#8221;default&#8221; tablet_text_alignment=&#8221;default&#8221; phone_text_alignment=&#8221;default&#8221; background_color_opacity=&#8221;1&#8243; background_hover_color_opacity=&#8221;1&#8243; column_backdrop_filter=&#8221;none&#8221; column_shadow=&#8221;none&#8221; column_border_radius=&#8221;none&#8221; column_link_target=&#8221;_self&#8221; overflow=&#8221;visible&#8221; gradient_direction=&#8221;left_to_right&#8221; overlay_strength=&#8221;0.3&#8243; width=&#8221;1\/1&#8243; tablet_width_inherit=&#8221;default&#8221; animation_type=&#8221;default&#8221; enable_animation=&#8221;true&#8221; animation=&#8221;fade-in-from-bottom&#8221; animation_easing=&#8221;default&#8221; bg_image_animation=&#8221;none&#8221; border_type=&#8221;simple&#8221; column_border_width=&#8221;none&#8221; column_border_style=&#8221;solid&#8221;][vc_column_text css_animation=&#8221;none&#8221;]\n<h2>Termini e Condizioni<\/h2>\n[\/vc_column_text][\/vc_column_inner][\/vc_row_inner][\/vc_column][\/vc_row][vc_row type=&#8221;full_width_background&#8221; full_screen_row_position=&#8221;middle&#8221; column_margin=&#8221;90px&#8221; equal_height=&#8221;yes&#8221; content_placement=&#8221;middle&#8221; column_direction=&#8221;default&#8221; column_direction_tablet=&#8221;column_reverse&#8221; column_direction_phone=&#8221;column_reverse&#8221; bg_color=&#8221;#ffffff&#8221; scene_position=&#8221;center&#8221; top_padding=&#8221;6%&#8221; bottom_padding=&#8221;2%&#8221; top_padding_tablet=&#8221;8%&#8221; bottom_padding_tablet=&#8221;8%&#8221; text_color=&#8221;dark&#8221; text_align=&#8221;left&#8221; row_border_radius=&#8221;none&#8221; row_border_radius_applies=&#8221;bg&#8221; overflow=&#8221;visible&#8221; id=&#8221;home&#8221; overlay_strength=&#8221;0.5&#8243; gradient_direction=&#8221;top_to_bottom&#8221; shape_divider_position=&#8221;bottom&#8221; bg_image_animation=&#8221;none&#8221; shape_type=&#8221;straight_section&#8221;][vc_column column_padding=&#8221;no-extra-padding&#8221; column_padding_tablet=&#8221;inherit&#8221; column_padding_phone=&#8221;inherit&#8221; column_padding_position=&#8221;all&#8221; column_element_direction_desktop=&#8221;default&#8221; column_element_spacing=&#8221;default&#8221; desktop_text_alignment=&#8221;default&#8221; tablet_text_alignment=&#8221;default&#8221; phone_text_alignment=&#8221;default&#8221; background_color_opacity=&#8221;1&#8243; background_hover_color_opacity=&#8221;1&#8243; column_backdrop_filter=&#8221;none&#8221; column_shadow=&#8221;none&#8221; column_border_radius=&#8221;none&#8221; column_link_target=&#8221;_self&#8221; column_position=&#8221;default&#8221; gradient_direction=&#8221;left_to_right&#8221; overlay_strength=&#8221;0.5&#8243; width=&#8221;1\/1&#8243; tablet_width_inherit=&#8221;default&#8221; animation_type=&#8221;default&#8221; bg_image_animation=&#8221;none&#8221; border_type=&#8221;simple&#8221; column_border_width=&#8221;none&#8221; column_border_style=&#8221;solid&#8221; offset=&#8221;vc_col-xs-12&#8243;][vc_row_inner column_margin=&#8221;default&#8221; column_direction=&#8221;default&#8221; column_direction_tablet=&#8221;default&#8221; column_direction_phone=&#8221;default&#8221; text_align=&#8221;left&#8221; row_position=&#8221;default&#8221; row_position_tablet=&#8221;inherit&#8221; row_position_phone=&#8221;inherit&#8221; overflow=&#8221;visible&#8221; pointer_events=&#8221;all&#8221; min_width=&#8221;47vh&#8221;][vc_column_inner column_padding=&#8221;no-extra-padding&#8221; column_padding_tablet=&#8221;inherit&#8221; column_padding_phone=&#8221;inherit&#8221; column_padding_position=&#8221;all&#8221; column_element_direction_desktop=&#8221;default&#8221; column_element_spacing=&#8221;5px&#8221; desktop_text_alignment=&#8221;default&#8221; tablet_text_alignment=&#8221;default&#8221; phone_text_alignment=&#8221;default&#8221; background_color_opacity=&#8221;1&#8243; background_hover_color_opacity=&#8221;1&#8243; column_backdrop_filter=&#8221;none&#8221; column_shadow=&#8221;none&#8221; column_border_radius=&#8221;none&#8221; column_link_target=&#8221;_self&#8221; overflow=&#8221;visible&#8221; gradient_direction=&#8221;left_to_right&#8221; overlay_strength=&#8221;0.3&#8243; width=&#8221;1\/1&#8243; tablet_width_inherit=&#8221;default&#8221; animation_type=&#8221;default&#8221; enable_animation=&#8221;true&#8221; animation=&#8221;fade-in-from-bottom&#8221; animation_easing=&#8221;default&#8221; bg_image_animation=&#8221;none&#8221; border_type=&#8221;simple&#8221; column_border_width=&#8221;none&#8221; column_border_style=&#8221;solid&#8221; enable_border_animation=&#8221;true&#8221;][vc_column_text]Si prega di leggere attentamente questi termini e condizioni prima di utilizzare il nostro servizio.<\/p>\n<p>Interpretazione e definizioni<br \/>\n==============================<\/p>\n<p>Interpretazione<br \/>\n\u2014\u2014\u2014\u2014\u2013<\/p>\n<p>Le parole la cui lettera iniziale \u00e8 maiuscola hanno significati definiti nelle seguenti condizioni. Le seguenti definizioni avranno lo stesso significato indipendentemente dal fatto che appaiano al singolare o al plurale.<\/p>\n<p>Definizioni<br \/>\n\u2014\u2014\u2014\u2013<\/p>\n<p>Ai fini dei presenti Termini e Condizioni:<\/p>\n<p>* Affiliata indica un&#8217;entit\u00e0 che controlla, \u00e8 controllata da o \u00e8 sotto controllo comune con una parte, dove &#8220;controllo&#8221; indica la propriet\u00e0 del 50% o pi\u00f9 delle azioni, delle partecipazioni o di altri titoli aventi diritto di voto per l&#8217;elezione degli amministratori o di altri dirigenti autorit\u00e0.<\/p>\n<p>*Il paese si riferisce a: Paesi Bassi<\/p>\n<p>* Societ\u00e0 (denominata \u201cla Societ\u00e0\u201d, \u201cNoi\u201d, \u201cNoi\u201d o \u201cNostro\u201d nel presente Contratto) si riferisce a OneMore Europe BV, Keersopstraat 15, 3044 EX Rotterdam.<\/p>\n<p>*Per dispositivo si intende qualsiasi dispositivo che pu\u00f2 accedere al Servizio come un computer, un cellulare o un tablet digitale.<\/p>\n<p>*Il servizio si riferisce al Sito.<\/p>\n<p>* Termini e condizioni (denominati anche &#8220;Termini&#8221;) indicano i presenti Termini e condizioni che costituiscono l&#8217;intero accordo tra l&#8217;utente e la Societ\u00e0 in merito all&#8217;utilizzo del Servizio.<\/p>\n<p>* Per Servizio di social media di terze parti si intende qualsiasi servizio o contenuto (inclusi dati, informazioni, prodotti o servizi) fornito da una terza parte che pu\u00f2 essere visualizzato, incluso o reso disponibile dal Servizio.<\/p>\n<p>* Il sito web si riferisce a OneMore Europe BV, accessibile da [onemoreeurope.nl](onemoreeurope.nl)<\/p>\n<p>* Per te si intende l&#8217;individuo che accede o utilizza il Servizio, oppure la societ\u00e0 o altra entit\u00e0 legale per conto della quale tale individuo accede o utilizza il Servizio, a seconda dei casi.<\/p>\n<p>Riconoscimento<br \/>\n==============<\/p>\n<p>Questi sono i Termini e le Condizioni che regolano l&#8217;uso di questo Servizio e l&#8217;accordo che opera tra Te e la Societ\u00e0. I presenti Termini e Condizioni stabiliscono i diritti e gli obblighi di tutti gli utenti riguardo all&#8217;utilizzo del Servizio.<\/p>\n<p>L&#8217;accesso e l&#8217;utilizzo del Servizio sono condizionati dall&#8217;accettazione e dal rispetto dei presenti Termini e Condizioni. I presenti Termini e Condizioni si applicano a tutti i visitatori, utenti e altri che accedono o utilizzano il Servizio.<\/p>\n<p>Accedendo o utilizzando il Servizio accetti di essere vincolato dai presenti Termini e Condizioni. Se non sei d&#8217;accordo con qualsiasi parte di questi Termini e Condizioni, non potrai accedere al Servizio.<\/p>\n<p>Dichiari di avere pi\u00f9 di 18 anni. La Societ\u00e0 non consente ai minori di 18 anni di utilizzare il Servizio.<\/p>\n<p>L&#8217;accesso e l&#8217;utilizzo del Servizio sono condizionati anche dall&#8217;accettazione e dal rispetto della Politica sulla Privacy della Societ\u00e0. La nostra Informativa sulla privacy descrive le nostre politiche e procedure sulla raccolta, l&#8217;uso e la divulgazione delle tue informazioni personali quando utilizzi l&#8217;Applicazione o il Sito Web e<br \/>\nTi informa sui tuoi diritti alla privacy e su come la legge ti protegge. Si prega di leggere attentamente la nostra Informativa sulla privacy prima di utilizzare il nostro servizio.<\/p>\n<p>Propriet\u00e0 intellettuale<br \/>\n=====================<\/p>\n<p>Il Servizio e il suo contenuto originale (esclusi i Contenuti forniti dall&#8217;Utente o da altri utenti), le caratteristiche e le funzionalit\u00e0 sono e rimarranno di propriet\u00e0 esclusiva della Societ\u00e0 e dei suoi concessori di licenza.<\/p>\n<p>Il Servizio \u00e8 protetto da copyright, marchi e altre leggi sia del Paese che di paesi esteri.<\/p>\n<p>I nostri marchi e immagini commerciali non possono essere utilizzati in relazione a qualsiasi prodotto o servizio senza il previo consenso scritto della Societ\u00e0.<\/p>\n<p>Collegamenti ad altri siti web<br \/>\n=======================<\/p>\n<p>Il nostro Servizio pu\u00f2 contenere collegamenti a siti Web o servizi di terze parti che non sono di propriet\u00e0 o controllati dalla Societ\u00e0.<\/p>\n<p>La Societ\u00e0 non ha alcun controllo e non si assume alcuna responsabilit\u00e0 per il contenuto, le politiche sulla privacy o le pratiche di siti Web o servizi di terzi. Riconosci e accetti inoltre che la Societ\u00e0 non sar\u00e0 responsabile, direttamente o indirettamente, per eventuali danni o perdite causati<br \/>\no presumibilmente causati da o in connessione con l&#8217;uso o l&#8217;affidamento su tali contenuti, beni o servizi disponibili su o attraverso tali siti web o servizi.<\/p>\n<p>Ti consigliamo vivamente di leggere i termini e le condizioni e le politiche sulla privacy di qualsiasi sito Web o servizio di terze parti che visiti.<\/p>\n<p>Terminazione<br \/>\n===========<\/p>\n<p>Possiamo terminare o sospendere il tuo accesso immediatamente, senza preavviso o responsabilit\u00e0, per qualsiasi motivo, incluso, senza limitazioni, in caso di violazione dei presenti Termini e condizioni.<\/p>\n<p>In caso di risoluzione, il diritto dell&#8217;utente a utilizzare il Servizio cesser\u00e0 immediatamente.<\/p>\n<p>Limitazione di responsabilit\u00e0<br \/>\n=======================<\/p>\n<p>Nonostante eventuali danni che potresti subire, l&#8217;intera responsabilit\u00e0 della Societ\u00e0 e dei suoi fornitori ai sensi di qualsiasi disposizione dei presenti Termini e il tuo esclusivo rimedio per tutto quanto sopra sar\u00e0 limitato all&#8217;importo effettivamente pagato da te tramite il Servizio o 100 USD se non hai acquistato<br \/>\nqualsiasi cosa attraverso il Servizio.<\/p>\n<p>Nella misura massima consentita dalla legge applicabile, in nessun caso la Societ\u00e0 o i suoi fornitori saranno responsabili per eventuali danni speciali, incidentali, indiretti o consequenziali di qualsiasi tipo (inclusi, ma non limitati a, danni per perdita di profitti, perdita di dati o altre informazioni, per interruzione dell&#8217;attivit\u00e0,<br \/>\nper lesioni personali, perdita di privacy derivanti da o in qualsiasi modo correlate all&#8217;uso o all&#8217;impossibilit\u00e0 di utilizzare il Servizio, software di terze parti e\/o hardware di terze parti utilizzati con il Servizio, o altrimenti in connessione con qualsiasi fornitura di presenti Termini), anche se la Societ\u00e0 o qualsiasi fornitore \u00e8 stato avvisato<br \/>\ndella possibilit\u00e0 di tali danni e anche se il rimedio non raggiunge il suo scopo essenziale.<\/p>\n<p>Alcuni stati non consentono l&#8217;esclusione di garanzie implicite o la limitazione di responsabilit\u00e0 per danni incidentali o consequenziali, il che significa che alcune delle limitazioni di cui sopra potrebbero non essere applicabili. In questi stati, la responsabilit\u00e0 di ciascuna parte sar\u00e0 limitata nella misura massima consentita dalla legge.<\/p>\n<p>Dichiarazione di non responsabilit\u00e0 &#8220;COS\u00cc COM&#8217;\u00c8&#8221; e &#8220;COME DISPONIBILE&#8221;.<br \/>\n==========<\/p>\n<p>Il Servizio ti viene fornito \u201cCOS\u00cc COM&#8217;\u00c8\u201d e \u201cCOME DISPONIBILE\u201d e con tutti i vizi e difetti senza garanzia di alcun tipo. Nella misura massima consentita dalla legge applicabile, la Societ\u00e0, per proprio conto e per conto delle sue Affiliate e dei rispettivi concessori di licenza e fornitori di servizi,<br \/>\ndeclina espressamente tutte le garanzie, esplicite, implicite, statutarie o di altro tipo, rispetto al Servizio, comprese tutte le garanzie implicite di commerciabilit\u00e0, idoneit\u00e0 per uno scopo particolare, titolo e non violazione e garanzie che potrebbero derivare dal corso della trattativa, corso della prestazione,<br \/>\nuso o pratica commerciale. Senza limitazione a quanto sopra, la Societ\u00e0 non fornisce alcuna garanzia o impegno e non rilascia alcuna dichiarazione di alcun tipo che il Servizio soddisfer\u00e0 i requisiti dell&#8217;utente, raggiunger\u00e0 i risultati desiderati, sar\u00e0 compatibile o funzioner\u00e0 con qualsiasi altro software, applicazione, sistema o servizio,<br \/>\noperare senza interruzioni, soddisfare gli standard di prestazione o affidabilit\u00e0 o essere privi di errori o che eventuali errori o difetti possano o saranno corretti. Senza limitare quanto sopra, n\u00e9 la Societ\u00e0 n\u00e9 alcuno dei fornitori della societ\u00e0 rilascia alcuna dichiarazione o garanzia di alcun tipo, espressa o implicita:<br \/>\n(i) in merito al funzionamento o alla disponibilit\u00e0 del Servizio, o alle informazioni, ai contenuti, ai materiali o ai prodotti in esso inclusi; (ii) che il Servizio sar\u00e0 ininterrotto o privo di errori; (iii) per quanto riguarda l&#8217;accuratezza, l&#8217;affidabilit\u00e0 o l&#8217;attualit\u00e0 di qualsiasi informazione o contenuto fornito tramite il Servizio; o (iv)<br \/>\nche il Servizio, i suoi server, il contenuto o le e-mail inviate da o per conto della Societ\u00e0 sono privi di virus, script, trojan horse, worm, malware, timebomb o altri componenti dannosi. Alcune giurisdizioni non consentono l&#8217;esclusione di determinati tipi di garanzie<br \/>\no limitazioni sui diritti legali applicabili di un consumatore, pertanto alcune o tutte le esclusioni e limitazioni di cui sopra potrebbero non essere applicabili all&#8217;utente. Ma in tal caso le esclusioni e limitazioni stabilite in questa sezione saranno applicate nella misura massima applicabile ai sensi della legge applicabile.<\/p>\n<p>Legge governativa<br \/>\n=============<\/p>\n<p>Le leggi del Paese, esclusi i conflitti di norme di legge, regoleranno i presenti Termini e il tuo utilizzo del Servizio. L&#8217;utilizzo dell&#8217;Applicazione pu\u00f2 essere soggetto anche ad altre leggi locali, statali, nazionali o internazionali.<\/p>\n<p>Risoluzione delle controversie<br \/>\n===================<\/p>\n<p>In caso di dubbi o controversie sul Servizio, l&#8217;utente accetta di provare prima a risolvere la controversia in modo informale contattando la Societ\u00e0.<\/p>\n<p>Per gli utenti dell&#8217;Unione Europea (UE).<br \/>\n=============================<\/p>\n<p>Se sei un consumatore dell&#8217;Unione Europea, beneficerai di eventuali disposizioni imperative previste dalla legge del Paese in cui risiedi.<\/p>\n<p>Conformit\u00e0 legale degli Stati Uniti<br \/>\n==============================<\/p>\n<p>Dichiari e garantisci che (i) non ti trovi in un paese soggetto all&#8217;embargo del governo degli Stati Uniti o che \u00e8 stato designato dal governo degli Stati Uniti come paese che &#8220;sostenitore del terrorismo&#8221; e (ii) non sei elencato in qualsiasi elenco del governo degli Stati Uniti di vietati o<br \/>\npartiti ristretti.<\/p>\n<p>Separabilit\u00e0 e rinuncia<br \/>\n=======================<\/p>\n<p>Separabilit\u00e0<br \/>\n\u2014\u2014\u2014\u2014<\/p>\n<p>Se una qualsiasi disposizione delle presenti Condizioni \u00e8 ritenuta inapplicabile o non valida, tale disposizione sar\u00e0 modificata e interpretata per raggiungere gli obiettivi di tale disposizione nella misura massima possibile ai sensi della legge applicabile e le restanti disposizioni continueranno ad avere piena validit\u00e0 ed efficacia.<\/p>\n<p>Rinuncia<br \/>\n\u2014\u2014<\/p>\n<p>Fatto salvo quanto previsto nel presente documento, il mancato esercizio di un diritto o la mancata richiesta di adempimento di un obbligo ai sensi dei presenti Termini non pregiudicher\u00e0 la capacit\u00e0 di una parte di esercitare tale diritto o di richiedere tale prestazione in qualsiasi momento successivo, n\u00e9 la rinuncia a una violazione costituir\u00e0 una rinuncia. di qualsiasi<br \/>\nsuccessiva violazione.<\/p>\n<p>Interpretazione della traduzione<br \/>\n==========================<\/p>\n<p>I presenti Termini e Condizioni potrebbero essere stati tradotti se li abbiamo resi disponibili all&#8217;utente sul nostro Servizio. L&#8217;utente accetta che in caso di controversia prevarr\u00e0 il testo originale inglese.<\/p>\n<p>Modifiche a questi Termini e Condizioni<br \/>\n=====================================<\/p>\n<p>Ci riserviamo il diritto, a nostra esclusiva discrezione, di modificare o sostituire i presenti Termini in qualsiasi momento. Se una revisione \u00e8 sostanziale, faremo ogni ragionevole sforzo per fornire un preavviso di almeno 30 giorni prima che i nuovi termini entrino in vigore. Ci\u00f2 che costituisce una modifica materiale sar\u00e0 determinato a nostra esclusiva discrezione.<\/p>\n<p>Continuando ad accedere o utilizzare il Nostro Servizio dopo che tali revisioni sono diventate effettive, accetti di essere vincolato dai termini modificati. Se non accetti i nuovi termini, in tutto o in parte, ti preghiamo di interrompere l&#8217;utilizzo del sito web e del Servizio.<\/p>\n<p>Contattaci<br \/>\n==========<\/p>\n<p>Se hai domande su questi Termini e Condizioni, puoi contattarci:<\/p>\n<p>Via e-mail: info@onemoreeurope.nl[\/vc_column_text][\/vc_column_inner][\/vc_row_inner][\/vc_column][\/vc_row]\n","protected":false},"excerpt":{"rendered":"<p>[vc_row type=&#8221;full_width_background&#8221; full_screen_row_position=&#8221;middle&#8221; column_margin=&#8221;default&#8221; column_direction=&#8221;default&#8221; column_direction_tablet=&#8221;default&#8221; column_direction_phone=&#8221;default&#8221; bg_color=&#8221;#141414&#8243; bg_image=&#8221;513&#8243; bg_position=&#8221;center center&#8221; background_image_loading=&#8221;default&#8221; bg_repeat=&#8221;no-repeat&#8221; scene_position=&#8221;center&#8221; top_padding=&#8221;11%&#8221; bottom_padding=&#8221;8%&#8221; text_color=&#8221;light&#8221; text_align=&#8221;left&#8221; row_border_radius=&#8221;none&#8221; row_border_radius_applies=&#8221;bg&#8221; overflow=&#8221;visible&#8221; color_overlay=&#8221;#0a0a0a&#8221; overlay_strength=&#8221;0.5&#8243; gradient_direction=&#8221;left_to_right&#8221; shape_divider_position=&#8221;bottom&#8221; bg_image_animation=&#8221;none&#8221; parallax_bg=&#8221;true&#8221; parallax_bg_speed=&#8221;fast&#8221; gradient_type=&#8221;default&#8221; shape_type=&#8221;&#8221;][vc_column&#8230;<\/p>\n","protected":false},"author":1,"featured_media":0,"parent":0,"menu_order":0,"comment_status":"closed","ping_status":"closed","template":"","meta":{"footnotes":""},"class_list":["post-2996","page","type-page","status-publish"],"_links":{"self":[{"href":"https:\/\/onemoreeurope.nl\/it\/wp-json\/wp\/v2\/pages\/2996","targetHints":{"allow":["GET"]}}],"collection":[{"href":"https:\/\/onemoreeurope.nl\/it\/wp-json\/wp\/v2\/pages"}],"about":[{"href":"https:\/\/onemoreeurope.nl\/it\/wp-json\/wp\/v2\/types\/page"}],"author":[{"embeddable":true,"href":"https:\/\/onemoreeurope.nl\/it\/wp-json\/wp\/v2\/users\/1"}],"replies":[{"embeddable":true,"href":"https:\/\/onemoreeurope.nl\/it\/wp-json\/wp\/v2\/comments?post=2996"}],"version-history":[{"count":1,"href":"https:\/\/onemoreeurope.nl\/it\/wp-json\/wp\/v2\/pages\/2996\/revisions"}],"predecessor-version":[{"id":3009,"href":"https:\/\/onemoreeurope.nl\/it\/wp-json\/wp\/v2\/pages\/2996\/revisions\/3009"}],"wp:attachment":[{"href":"https:\/\/onemoreeurope.nl\/it\/wp-json\/wp\/v2\/media?parent=2996"}],"curies":[{"name":"wp","href":"https:\/\/api.w.org\/{rel}","templated":true}]}}